{"id":230368,"date":"2023-03-22T16:56:40","date_gmt":"2023-03-22T20:56:40","guid":{"rendered":"https:\/\/northernhearinghealth.ca\/home\/"},"modified":"2025-08-04T07:29:41","modified_gmt":"2025-08-04T11:29:41","slug":"home","status":"publish","type":"page","link":"https:\/\/northernhearinghealth.ca\/fr\/","title":{"rendered":"Home"},"content":{"rendered":"\n<h2>\n\t\t\tMerci d&rsquo;avoir vot\u00e9 pour nous en tant que n\u00b01 Clinique d&rsquo;audiologie !\t<\/h2>\n\t\t\t\t<img decoding=\"async\" src=\"https:\/\/northernhearinghealth.ca\/wp-content\/uploads\/2023\/09\/NHHC_CommunityVotes_2023-1.png\" alt=\"Northing Hearing Centre Awards 2023\" itemprop=\"image\" height=\"320\" width=\"320\" title=\"NHHC_CommunityVotes_2023 (1)\" onerror=\"this.style.display='none'\" loading=\"lazy\" \/>\n<h2>\n\t\t\tFaites notre test de bien-\u00eatre auditif en ligne de 5 minutes\t<\/h2>\n\t<p>En quelques minutes, nous pouvons vous donner une id\u00e9e de la qualit\u00e9 de votre audition.<\/p>\n\t<p>Bien qu&rsquo;il ne soit pas aussi complet qu&rsquo;une collaboration avec un audiologiste, il s&rsquo;agit d&rsquo;une bonne premi\u00e8re \u00e9tape qui peut vous donner une id\u00e9e de la qualit\u00e9 de votre audition. Vous aurez besoin d&rsquo;un casque pour ce test.<\/p>\n\t\t\t<a href=\"https:\/\/hearing-screener.beyondhearing.org\/northernhearinghealth\/uviIZU\/welcome\" target=\"_self\" rel=\"noopener\">\n\t\t\t\t\t\t\tCommencer l&rsquo;\u00e9valuation gratuite\n\t\t\t\t\t<\/a>\n<h1>\n\t\t\tServices auditifs\t<\/h1>\n\t<p>Nous offrons des services en anglais, en fran\u00e7ais et en langue des signes am\u00e9ricaine (ASL). Notre personnel a \u00e9t\u00e9 form\u00e9 par la Soci\u00e9t\u00e9 Alzheimer dans le cadre du programme Blue Umbrella, qui permet d&rsquo;offrir des services sans obstacle et avec compassion aux personnes de notre communaut\u00e9 atteintes de d\u00e9mence.<\/p>\n\t\t\t<a href=\"\/fr\/services\/\" target=\"_self\">\n\t\t\t\t\t\t\tEn savoir plus sur nos services\n\t\t\t\t\t<\/a>\n\t\t\t\t<img decoding=\"async\" src=\"https:\/\/northernhearinghealth.ca\/wp-content\/uploads\/2023\/05\/NHHC-services-landing-page-1.png\" alt=\"NHHC-services landing page (1)\" itemprop=\"image\" height=\"1116\" width=\"1600\" title=\"NHHC-services landing page (1)\" onerror=\"this.style.display='none'\" loading=\"lazy\" \/>\n<h1>\n\t\t<a href=\"\/fr\/produits\" title=\"Produits\"  target=\"_self\">\n\t\t\tProduits\t\t<\/a>\n\t<\/h1>\n\t<p>La qualit\u00e9 de votre audition peut avoir un impact majeur sur votre qualit\u00e9 de vie. Nous disposons d&rsquo;un grand nombre de produits auditifs diff\u00e9rents pour vous aider \u00e0 r\u00e9pondre \u00e0 vos besoins d&rsquo;\u00e9coute.<\/p>\n\t\t\t<a href=\"\/fr\/produits\/\" target=\"_self\">\n\t\t\t\t\t\t\tEn savoir plus sur nos produits\n\t\t\t\t\t<\/a>\n\t\t\t\t<img decoding=\"async\" src=\"https:\/\/northernhearinghealth.ca\/wp-content\/uploads\/2023\/05\/NHHC-products-landing-page-1.png\" alt=\"NHHC-products landing page (1)\" itemprop=\"image\" height=\"931\" width=\"1600\" title=\"NHHC-products landing page (1)\" onerror=\"this.style.display='none'\" loading=\"lazy\" \/>\n\t<p>Le saviez-vous ?<\/p>\n\t<p>La Journ\u00e9e mondiale de l&rsquo;audition se tient le 3 mars de chaque ann\u00e9e pour sensibiliser \u00e0 la pr\u00e9vention de la surdit\u00e9 et de la perte d&rsquo;audition et promouvoir les soins de l&rsquo;oreille et de l&rsquo;audition dans le monde entier.<\/p>\n\n","protected":false},"excerpt":{"rendered":"<p>Merci d&rsquo;avoir vot\u00e9 pour nous en tant que n\u00b01 Clinique d&rsquo;audiologie ! Faites notre test de bien-\u00eatre auditif en ligne de 5 minutes En quelques minutes, nous pouvons vous donner une id\u00e9e de la qualit\u00e9 de votre audition. Bien qu&rsquo;il ne soit pas aussi complet qu&rsquo;une collaboration avec un audiologiste, il s&rsquo;agit d&rsquo;une bonne premi\u00e8re&hellip;<\/p>\n","protected":false},"author":1,"featured_media":0,"parent":0,"menu_order":0,"comment_status":"closed","ping_status":"closed","template":"","meta":{"_acf_changed":false,"footnotes":""},"class_list":["post-230368","page","type-page","status-publish","hentry"],"acf":[],"_links":{"self":[{"href":"https:\/\/northernhearinghealth.ca\/fr\/wp-json\/wp\/v2\/pages\/230368","targetHints":{"allow":["GET"]}}],"collection":[{"href":"https:\/\/northernhearinghealth.ca\/fr\/wp-json\/wp\/v2\/pages"}],"about":[{"href":"https:\/\/northernhearinghealth.ca\/fr\/wp-json\/wp\/v2\/types\/page"}],"author":[{"embeddable":true,"href":"https:\/\/northernhearinghealth.ca\/fr\/wp-json\/wp\/v2\/users\/1"}],"replies":[{"embeddable":true,"href":"https:\/\/northernhearinghealth.ca\/fr\/wp-json\/wp\/v2\/comments?post=230368"}],"version-history":[{"count":10,"href":"https:\/\/northernhearinghealth.ca\/fr\/wp-json\/wp\/v2\/pages\/230368\/revisions"}],"predecessor-version":[{"id":231355,"href":"https:\/\/northernhearinghealth.ca\/fr\/wp-json\/wp\/v2\/pages\/230368\/revisions\/231355"}],"wp:attachment":[{"href":"https:\/\/northernhearinghealth.ca\/fr\/wp-json\/wp\/v2\/media?parent=230368"}],"curies":[{"name":"wp","href":"https:\/\/api.w.org\/{rel}","templated":true}]}}