{"id":230429,"date":"2023-05-01T18:12:06","date_gmt":"2023-05-01T22:12:06","guid":{"rendered":"https:\/\/northernhearinghealth.ca\/about\/"},"modified":"2024-11-25T12:20:35","modified_gmt":"2024-11-25T17:20:35","slug":"a-propos-de-nous","status":"publish","type":"page","link":"https:\/\/northernhearinghealth.ca\/fr\/a-propos-de-nous\/","title":{"rendered":"\u00c0 propos de nous"},"content":{"rendered":"\n\n\t\t\t\t<img loading=\"lazy\" decoding=\"async\" src=\"https:\/\/northernhearinghealth.ca\/wp-content\/uploads\/2023\/05\/lorrie.jpg\" alt=\"lorrie\" itemprop=\"image\" height=\"1024\" width=\"1024\" title=\"lorrie\" onerror=\"this.style.display='none'\"  \/>\n\t<h2>Lorrie Matarazzo<\/h2>\n<p>B.A, M.Cl.Sc., AUD (C) Au.D., Doctor of Audiology<\/p>\n<p>Lorrie est audiologiste certifi\u00e9e au niveau national depuis 1997 et se passionne pour l&rsquo;\u00e9ducation de ses patients afin qu&rsquo;ils comprennent leur perte auditive et les solutions pour la g\u00e9rer. Elle est membre de Speech and Audiology Canada (SAC) et de l&rsquo;Acad\u00e9mie canadienne d&rsquo;audiologie (CAA). Lorrie est inscrite \u00e0 l&rsquo;Ordre des audiologistes et des orthophonistes de l&rsquo;Ontario (OAOO).<\/p>\n<p>Lorrie est titulaire d&rsquo;un baccalaur\u00e9at \u00e8s arts en psychologie de l&rsquo;Universit\u00e9 Laurentienne, d&rsquo;une ma\u00eetrise en sciences cliniques en audiologie de l&rsquo;Universit\u00e9 Western Ontario et d&rsquo;un doctorat en audiologie de l&rsquo;Universit\u00e9 A.T. Still \u00e0 Mesa, en Arizona. Elle est certifi\u00e9e en th\u00e9rapie de r\u00e9entra\u00eenement des acouph\u00e8nes (TRT) et en th\u00e9rapie cognitivo-comportementale (CBT) pour la gestion des acouph\u00e8nes. Elle collabore avec l&rsquo;\u00c9cole de m\u00e9decine du Nord de l&rsquo;Ontario (EMNO) en tant que site d&rsquo;apprentissage communautaire, permettant aux \u00e9tudiants en m\u00e9decine de venir dans son cabinet pour observer et apprendre l&rsquo;importance des soins de sant\u00e9 auditive.<\/p>\n<p>En 2022, Lorrie a \u00e9t\u00e9 d\u00e9sign\u00e9e audiologiste du Programme d&rsquo;audition des nourrissons du minist\u00e8re de l&rsquo;Enfance, des Communaut\u00e9s et des Services sociaux de l&rsquo;Ontario. Elle a \u00e9t\u00e9 form\u00e9e par l&rsquo;h\u00f4pital CHEO (Ottawa) et le Centre national d&rsquo;audiologie de l&rsquo;Universit\u00e9 de Western Ontario (London). Cette formation sp\u00e9cialis\u00e9e lui permet de fournir des services aux enfants \u00e2g\u00e9s de 6 ans et moins qui ont besoin d&rsquo;un suivi audiologique ou de proth\u00e8ses auditives. Les qualifications et l&rsquo;exp\u00e9rience de Lorrie lui permettent d&rsquo;offrir une gamme compl\u00e8te de services aux nourrissons, aux enfants et aux adultes, y compris ceux qui ont des besoins complexes et particuliers.<\/p>\n\t\t\t\t<img loading=\"lazy\" decoding=\"async\" src=\"https:\/\/northernhearinghealth.ca\/wp-content\/uploads\/2024\/11\/auren-Northern-Ontario.jpg\" alt=\"auren-Northern-Ontario\" itemprop=\"image\" height=\"550\" width=\"550\" title=\"auren-Northern-Ontario\" onerror=\"this.style.display='none'\"  \/>\n\t<h2>Lauren Borraro <\/h2>\n<p>M.Sc.S., M.B.A., Aud (C), Audiologist<\/p>\n<p>Lauren est n\u00e9e et a grandi dans le nord de l&rsquo;Ontario. Elle a poursuivi ses \u00e9tudes en fran\u00e7ais et d\u00e9tient un baccalaur\u00e9at sp\u00e9cialis\u00e9 en sciences de la sant\u00e9 et une ma\u00eetrise en sciences de la sant\u00e9 en audiologie de l&rsquo;Universit\u00e9 d&rsquo;Ottawa, ainsi qu&rsquo;une ma\u00eetrise en administration des affaires de l&rsquo;Universit\u00e9 Laval. Elle est audiologiste agr\u00e9\u00e9e depuis 2019 et est inscrite \u00e0 l&rsquo;Ordre des audiologistes et des orthophonistes de l&rsquo;Ontario (OAOO).  Elle est \u00e9galement membre d&rsquo;Orthophonie et Audiologie Canada (SAC) et de l&rsquo;Acad\u00e9mie canadienne d&rsquo;audiologie (CAA). Lauren est fi\u00e8re de fournir des services de sant\u00e9 auditive en anglais et en fran\u00e7ais.<\/p>\n\t\t\t\t<img loading=\"lazy\" decoding=\"async\" src=\"https:\/\/northernhearinghealth.ca\/wp-content\/uploads\/2023\/05\/NHHC-Mel.jpg\" alt=\"NHHC-Mel\" itemprop=\"image\" height=\"368\" width=\"368\" title=\"NHHC-Mel\" onerror=\"this.style.display='none'\"  \/>\n\t<h2>Melanie Julien<\/h2>\n<p>Coordinateur de bureau<\/p>\n<p>Melanie travaille avec Lorrie depuis 2013 dans un cabinet d&rsquo;audiologie. Elle est la voix amicale et le premier point de contact pour nos patients, qui se sentent toujours bien accueillis par elle. Melanie est une source d&rsquo;information pr\u00e9cieuse et peut vous aider pour les rendez-vous, les r\u00e9parations d&rsquo;appareils auditifs et les questions relatives au financement ou aux tiers.<\/p>\n\t\t\t\t<img loading=\"lazy\" decoding=\"async\" src=\"https:\/\/northernhearinghealth.ca\/wp-content\/uploads\/2024\/04\/1713807082647.jpg\" alt=\"1713807082647\" itemprop=\"image\" height=\"448\" width=\"448\" title=\"1713807082647\" onerror=\"this.style.display='none'\"  \/>\n\t<h2>Angela Pepin<\/h2>\n<p>Coordinateur des soins aux patients<\/p>\n<p>Angela est heureuse d&rsquo;\u00eatre le nouveau membre de cette \u00e9quipe amicale et comp\u00e9tente. Entr\u00e9e dans le secteur des soins auditifs au cours des derni\u00e8res ann\u00e9es, elle se r\u00e9jouit de continuer \u00e0 apprendre et \u00e0 se d\u00e9velopper aux c\u00f4t\u00e9s des clients de cette communaut\u00e9 o\u00f9 elle a grandi et o\u00f9 elle continue de r\u00e9sider. Elle apporte une \u00e9nergie positive et un sourire amical \u00e0 la r\u00e9ception, vous aidant \u00e0 prendre le rendez-vous qui vous convient !<\/p>\n\n","protected":false},"excerpt":{"rendered":"<p>Lorrie Matarazzo B.A, M.Cl.Sc., AUD (C) Au.D., Doctor of Audiology Lorrie est audiologiste certifi\u00e9e au niveau national depuis 1997 et se passionne pour l&rsquo;\u00e9ducation de ses patients afin qu&rsquo;ils comprennent leur perte auditive et les solutions pour la g\u00e9rer. Elle est membre de Speech and Audiology Canada (SAC) et de l&rsquo;Acad\u00e9mie canadienne d&rsquo;audiologie (CAA). Lorrie&hellip;<\/p>\n","protected":false},"author":1,"featured_media":0,"parent":0,"menu_order":0,"comment_status":"closed","ping_status":"closed","template":"","meta":{"_acf_changed":false,"footnotes":""},"class_list":["post-230429","page","type-page","status-publish","hentry"],"acf":[],"_links":{"self":[{"href":"https:\/\/northernhearinghealth.ca\/fr\/wp-json\/wp\/v2\/pages\/230429","targetHints":{"allow":["GET"]}}],"collection":[{"href":"https:\/\/northernhearinghealth.ca\/fr\/wp-json\/wp\/v2\/pages"}],"about":[{"href":"https:\/\/northernhearinghealth.ca\/fr\/wp-json\/wp\/v2\/types\/page"}],"author":[{"embeddable":true,"href":"https:\/\/northernhearinghealth.ca\/fr\/wp-json\/wp\/v2\/users\/1"}],"replies":[{"embeddable":true,"href":"https:\/\/northernhearinghealth.ca\/fr\/wp-json\/wp\/v2\/comments?post=230429"}],"version-history":[{"count":5,"href":"https:\/\/northernhearinghealth.ca\/fr\/wp-json\/wp\/v2\/pages\/230429\/revisions"}],"predecessor-version":[{"id":231232,"href":"https:\/\/northernhearinghealth.ca\/fr\/wp-json\/wp\/v2\/pages\/230429\/revisions\/231232"}],"wp:attachment":[{"href":"https:\/\/northernhearinghealth.ca\/fr\/wp-json\/wp\/v2\/media?parent=230429"}],"curies":[{"name":"wp","href":"https:\/\/api.w.org\/{rel}","templated":true}]}}