{"id":230446,"date":"2023-05-01T14:45:06","date_gmt":"2023-05-01T18:45:06","guid":{"rendered":"https:\/\/northernhearinghealth.ca\/services\/custom-made-ear-plugs\/"},"modified":"2023-05-29T18:10:52","modified_gmt":"2023-05-29T22:10:52","slug":"bouchons-doreille-sur-mesure","status":"publish","type":"page","link":"https:\/\/northernhearinghealth.ca\/fr\/services\/bouchons-doreille-sur-mesure\/","title":{"rendered":"Bouchons d&rsquo;oreille sur mesure"},"content":{"rendered":"\n<h1>\n\t\tUne protection auditive pour les moments o\u00f9 vous en avez le plus besoin.\n\t<\/h1>\n\t<p>Le Northern Hearing Health Centre propose des bouchons d&rsquo;oreille sur mesure. Ces bouchons sur mesure sont parfaits pour les concerts, la natation, le sommeil, l&rsquo;aviation et la r\u00e9duction de l&rsquo;exposition au bruit dans le cadre du travail et des loisirs.<\/p>\n<h2>Qu&rsquo;est-ce qu&rsquo;un bouchon sur mesure ?<\/h2>\n<p>Les protections auditives standard sont de taille fixe. Les fabricants produisent des bouchons d&rsquo;oreille en vrac con\u00e7us pour s&rsquo;adapter \u00e0 l&rsquo;oreille moyenne. Bien que certains soient meilleurs que d&rsquo;autres en termes de r\u00e9duction du bruit et d&rsquo;ajustement, les bouchons mal ajust\u00e9s n&rsquo;offrent pas la protection souhait\u00e9e. La perte auditive due au bruit est le seul type de perte auditive que nous pouvons pr\u00e9venir, c&rsquo;est pourquoi nous devons faire tout ce qui est en notre pouvoir pour prot\u00e9ger nos oreilles contre les sons forts.<\/p>\n<p>Les bouchons auditifs sur mesure sont fabriqu\u00e9s \u00e0 partir de silicone souple ou d&rsquo;acrylique de qualit\u00e9 m\u00e9dicale. Un bon jeu de bouchons personnalis\u00e9s dure des ann\u00e9es et s&rsquo;adapte aux dimensions de votre oreille.<\/p>\n<h2>Comment fonctionnent les bouchons sur mesure ?<\/h2>\n<p>Les bouchons d&rsquo;oreille sur mesure sont diff\u00e9rents. Parce qu&rsquo;ils \u00e9pousent la forme de votre conduit auditif, ils sont mieux tol\u00e9r\u00e9s en termes de confort. Ils constituent la meilleure d\u00e9fense contre les sons dangereusement forts de l&rsquo;environnement. Les bouchons d&rsquo;oreille comblent les trous dans le conduit auditif par lesquels les ondes sonores peuvent passer.<\/p>\n<p>La protection auditive n&rsquo;est pas destin\u00e9e \u00e0 bloquer compl\u00e8tement tous les bruits. We still need to hear sounds in our environments for safety. The purpose of plugs is to reduce environmental noise to a safe level for extended periods.<\/p>\n<h2>Pourquoi les gens se procurent-ils des bouchons d&rsquo;oreille personnalis\u00e9s ?<\/h2>\n<p><strong>Les bouchons d&rsquo;oreille personnalis\u00e9s sont utilis\u00e9s pour les raisons suivantes:<\/strong><\/p>\n\t<ul>\n\t\t\t<li>\n\t\t\t\t<strong>R\u00e9duction sonore optimis\u00e9e<\/strong> : La protection auditive personnalis\u00e9e offre une r\u00e9duction du bruit optimis\u00e9e pour les concerts, les \u00e9quipements\/outils bruyants, les VTT\/motos, la chasse.\n\t\t\t<\/li>\n\t\t\t<li>\n\t\t\t\t<strong>Natation<\/strong> : Des bouchons d&rsquo;oreille bien adapt\u00e9s peuvent emp\u00eacher l&rsquo;eau de p\u00e9n\u00e9trer dans le conduit auditif et de provoquer une irritation de l&rsquo;oreille du nageur.\n\t\t\t<\/li>\n\t\t\t<li>\n\t\t\t\t<strong>Sommeil<\/strong> : Les bouchons d&rsquo;oreille personnalis\u00e9s sont plus confortables que les produits en mousse jetables, ce qui permet de les garder toute la nuit et de r\u00e9duire le risque qu&rsquo;ils se d\u00e9tachent pendant le sommeil.\n\t\t\t<\/li>\n\t\t\t<li>\n\t\t\t\t<strong>Volant<\/strong> : Les bouchons d&rsquo;oreille personnalis\u00e9s peuvent r\u00e9duire le bruit de la cabine de l&rsquo;avion gr\u00e2ce \u00e0 des filtres sp\u00e9cialis\u00e9s qui r\u00e9duisent les variations de pression pendant le vol. Profitez d&rsquo;un plus grand confort lors des d\u00e9collages et des atterrissages.\n\t\t\t<\/li>\n\t\t<\/ul>\n\t<h2>Comment les audiologistes fabriquent-ils des bouchons d&rsquo;oreille sur mesure ?<\/h2>\n<p>Pour fabriquer des bouchons d&rsquo;oreille sur mesure, il faut placer un morceau de mousse (attach\u00e9 \u00e0 un fil) profond\u00e9ment dans le conduit auditif, guid\u00e9 par une source lumineuse. Une fois que la mousse est correctement plac\u00e9e et qu&rsquo;elle bloque suffisamment le canal, un m\u00e9lange de silicone est introduit dans une seringue et utilis\u00e9 pour remplir l&rsquo;oreille. Apr\u00e8s 5 minutes, le silicone est fix\u00e9 et retir\u00e9 de l&rsquo;oreille avec les dimensions exactes de l&rsquo;oreille. Ces empreintes sont ensuite envoy\u00e9es par courrier \u00e0 un laboratoire pour y \u00eatre fabriqu\u00e9es.<\/p>\n<p>Les musiciens appr\u00e9cient les bouchons personnalis\u00e9s car ils peuvent utiliser des filtres interchangeables pour r\u00e9duire le volume de la musique sans d\u00e9former artificiellement le son. Les bouchons personnalis\u00e9s peuvent \u00eatre fabriqu\u00e9s dans la couleur de votre choix ou dans un m\u00e9lange de couleurs pour les rendre uniques et personnalis\u00e9s.<\/p>\n<h2>Quels sont les avantages des bouchons d&rsquo;oreille personnalis\u00e9s ?<\/h2>\nConfort optimis\u00e9<br \/>\nLes bouchons d&rsquo;oreille personnalis\u00e9s offrent un confort sup\u00e9rieur \u00e0 celui des produits g\u00e9n\u00e9riques. Les utilisateurs s&rsquo;habituent rapidement et ne sont pas plus conscients de leurs bouchons d&rsquo;oreille que de leur montre ou de leur bague. Les sensations de pression doivent \u00eatre minimes, voire impossibles \u00e0 d\u00e9tecter.\n<h2>R\u00e9duction du bruit optimis\u00e9e<\/h2>\n<p>Comme l&rsquo;ajustement est personnalis\u00e9, l&rsquo;oreille est correctement scell\u00e9e, ce qui r\u00e9duit les bruits nuisibles mieux qu&rsquo;un bouchon g\u00e9n\u00e9rique mal ajust\u00e9.<\/p>\n<h2>Optimisation de l&rsquo;ajustement<\/h2>\n<p>Les bouchons d&rsquo;oreille g\u00e9n\u00e9riques ne conviennent pas \u00e0 tout le monde. Certains conduits auditifs sont \u00e9troits, d&rsquo;autres pr\u00e9sentent des courbures prononc\u00e9es et d&rsquo;autres encore sont inclin\u00e9s vers le haut. Les bouchons d&rsquo;oreille g\u00e9n\u00e9riques n\u00e9cessitent un canal large et droit, de sorte qu&rsquo;il n&rsquo;est pas toujours facile de placer correctement un bouchon en mousse dans l&rsquo;oreille. Les bouchons sur mesure s&rsquo;adaptent \u00e0 toutes les tailles et formes du conduit auditif. Ils peuvent m\u00eame \u00eatre personnalis\u00e9s pour se fixer \u00e0 un ensemble d&rsquo;\u00e9couteurs existants (par exemple, Apple Airpods, Samsung Galaxy Buds, Bose QuietComfort, etc.) L&rsquo;utilisation de bouchons personnalis\u00e9s permet \u00e0 vos \u00e9couteurs existants de s&rsquo;adapter de mani\u00e8re encore plus s\u00fbre et confortable.<\/p>\n<h2>Qualit\u00e9 optimis\u00e9e<\/h2>\n<p>Les bouchons d&rsquo;oreille jetables sont g\u00e9n\u00e9ralement destin\u00e9s \u00e0 un usage unique et le mat\u00e9riau s&rsquo;ab\u00eeme rapidement. Les bouchons d&rsquo;oreille personnalis\u00e9s ont une dur\u00e9e de vie d&rsquo;environ 5 ans. Le mat\u00e9riau finit par r\u00e9tr\u00e9cir l\u00e9g\u00e8rement ou le conduit auditif change de forme en fonction des variations de poids. N\u00e9anmoins, la dur\u00e9e de vie plus longue des bouchons d&rsquo;oreille en vaut l&rsquo;investissement.<\/p>\n<h2>Lavage<\/h2>\n<p>Les bouchons d&rsquo;oreille ordinaires peuvent accumuler la salet\u00e9, les bact\u00e9ries et la crasse des mains et des surfaces. Ils deviennent rapidement peu hygi\u00e9niques et peuvent provoquer des infections de l&rsquo;oreille en raison des particules \u00e9trang\u00e8res introduites dans les conduits auditifs.<\/p>\n<p>En revanche, les protections auditives sur mesure sont faciles \u00e0 nettoyer avec de l&rsquo;eau et du savon doux pour la vaisselle.<\/p>\n<h2>Protection auditive sur mesure<\/h2>\n<p>Contactez notre cabinet pour prendre rendez-vous pour des bouchons sur mesure et prot\u00e9gez vos oreilles pour les ann\u00e9es \u00e0 venir.<\/p>\n\t\t\t\t<img loading=\"lazy\" decoding=\"async\" src=\"https:\/\/northernhearinghealth.ca\/wp-content\/uploads\/2023\/04\/NHHC-Side-Hearing-Protection.png\" alt=\"NHHC-Side-Hearing Protection\" itemprop=\"image\" height=\"440\" width=\"800\" title=\"NHHC-Side-Hearing Protection\" onerror=\"this.style.display='none'\"  \/>\n\n","protected":false},"excerpt":{"rendered":"<p>Une protection auditive pour les moments o\u00f9 vous en avez le plus besoin. Le Northern Hearing Health Centre propose des bouchons d&rsquo;oreille sur mesure. Ces bouchons sur mesure sont parfaits pour les concerts, la natation, le sommeil, l&rsquo;aviation et la r\u00e9duction de l&rsquo;exposition au bruit dans le cadre du travail et des loisirs. Qu&rsquo;est-ce qu&rsquo;un&hellip;<\/p>\n","protected":false},"author":1,"featured_media":0,"parent":230400,"menu_order":0,"comment_status":"closed","ping_status":"closed","template":"","meta":{"_acf_changed":false,"footnotes":""},"class_list":["post-230446","page","type-page","status-publish","hentry"],"acf":[],"_links":{"self":[{"href":"https:\/\/northernhearinghealth.ca\/fr\/wp-json\/wp\/v2\/pages\/230446","targetHints":{"allow":["GET"]}}],"collection":[{"href":"https:\/\/northernhearinghealth.ca\/fr\/wp-json\/wp\/v2\/pages"}],"about":[{"href":"https:\/\/northernhearinghealth.ca\/fr\/wp-json\/wp\/v2\/types\/page"}],"author":[{"embeddable":true,"href":"https:\/\/northernhearinghealth.ca\/fr\/wp-json\/wp\/v2\/users\/1"}],"replies":[{"embeddable":true,"href":"https:\/\/northernhearinghealth.ca\/fr\/wp-json\/wp\/v2\/comments?post=230446"}],"version-history":[{"count":0,"href":"https:\/\/northernhearinghealth.ca\/fr\/wp-json\/wp\/v2\/pages\/230446\/revisions"}],"up":[{"embeddable":true,"href":"https:\/\/northernhearinghealth.ca\/fr\/wp-json\/wp\/v2\/pages\/230400"}],"wp:attachment":[{"href":"https:\/\/northernhearinghealth.ca\/fr\/wp-json\/wp\/v2\/media?parent=230446"}],"curies":[{"name":"wp","href":"https:\/\/api.w.org\/{rel}","templated":true}]}}