{"id":230454,"date":"2023-05-01T14:45:31","date_gmt":"2023-05-01T18:45:31","guid":{"rendered":"https:\/\/northernhearinghealth.ca\/services\/ear-wax-removal\/"},"modified":"2024-06-14T10:43:43","modified_gmt":"2024-06-14T14:43:43","slug":"lelimination-du-cerumen","status":"publish","type":"page","link":"https:\/\/northernhearinghealth.ca\/fr\/services\/lelimination-du-cerumen\/","title":{"rendered":"L&rsquo;\u00e9limination du c\u00e9rumen"},"content":{"rendered":"\n<h1>\n\t\tNotre \u00e9quipement sp\u00e9cialis\u00e9 offre une solution efficace et confortable.\n\t<\/h1>\n\t<p>Au Centre de sant\u00e9 auditive du Nord, nous proposons des services d&rsquo;\u00e9limination du c\u00e9rumen. Nos audiologistes sont form\u00e9s \u00e0 diff\u00e9rentes techniques pour proposer des m\u00e9thodes professionnelles s\u00fbres et plus efficaces que les traitements \u00e0 domicile.<\/p>\n<p>Les options \u00e0 domicile comprennent souvent l&rsquo;utilisation de cotons-tiges ou d&rsquo;autres objets ins\u00e9r\u00e9s dans les oreilles. Ces objets peuvent pousser le c\u00e9rumen plus profond\u00e9ment dans l&rsquo;oreille, provoquant un bouchon de c\u00e9rumen. Une oreille enti\u00e8rement bouch\u00e9e peut provoquer des douleurs, des sensations de pl\u00e9nitude, des acouph\u00e8nes, des troubles de l&rsquo;\u00e9quilibre et une baisse de l&rsquo;audition.<\/p>\n<h2>Comment les audiologistes proc\u00e8dent-ils \u00e0 l&rsquo;\u00e9limination du c\u00e9rumen ?<\/h2>\n<p>Au Centre de sant\u00e9 auditive du Nord, nous utilisons deux m\u00e9thodes principales pour retirer le c\u00e9rumen de l&rsquo;oreille : l&rsquo;irrigation et l&rsquo;extraction \u00e0 la curette.<\/p>\n<p>Nous disposons d&rsquo;un \u00e9quipement sp\u00e9cialis\u00e9 appel\u00e9 Earigator qui r\u00e9gule la pression et la temp\u00e9rature. De l&rsquo;eau chaude est introduite dans le conduit auditif et p\u00e9n\u00e8tre derri\u00e8re le c\u00e9rumen pour le pousser vers l&rsquo;ext\u00e9rieur. Ce syst\u00e8me a \u00e9t\u00e9 con\u00e7u par un sp\u00e9cialiste de l&rsquo;oreille et constitue un moyen s\u00fbr et confortable d&rsquo;\u00e9liminer les accumulations excessives de c\u00e9rumen. De nombreuses personnes l&rsquo;ont qualifi\u00e9 de \u00a0\u00bb spa auriculaire \u00ab\u00a0.<\/p>\n<p>En fonction de la nature du c\u00e9rumen, nous pouvons \u00e9galement utiliser une curette \u00e9clair\u00e9e par LED. La curette est un outil long et fin, \u00e0 l&rsquo;extr\u00e9mit\u00e9 recourb\u00e9e, qui nous permet de gratter ou d&rsquo;aspirer le c\u00e9rumen du conduit auditif. Le mat\u00e9riau de la curette est doux pour le conduit auditif mais suffisamment solide pour extraire le c\u00e9rumen dur. Nous utilisons \u00e9galement un casque \u00e9clair\u00e9 avec grossissement qui nous permet d&rsquo;avoir la meilleure vision possible pour la s\u00e9curit\u00e9 et la pr\u00e9cision de l&rsquo;extraction.<\/p>\n<h2>Qu&rsquo;est-ce qui cause le c\u00e9rumen ?<\/h2>\n<p>Certaines personnes produisent plus de c\u00e9rumen que d&rsquo;autres. Nous constatons souvent que le c\u00e9rumen s&rsquo;accumule \u00e0 cause d&rsquo;objets plac\u00e9s dans l&rsquo;oreille, comme des bouchons d&rsquo;oreille, des oreillettes ou des appareils auditifs. Certaines oreilles sont \u00e9troites et se remplissent rapidement.<\/p>\n<p>Les bouchons de c\u00e9rumen sont assez fr\u00e9quents ; cependant, ils ne deviennent g\u00e9n\u00e9ralement g\u00eanants que lorsque l&rsquo;on place des objets dans l&rsquo;oreille pour les retirer. L&rsquo;utilisation de cotons-tiges ou d&rsquo;autres outils peut comprimer le c\u00e9rumen et le rendre plus dense. Avec le temps, le c\u00e9rumen durcit, entra\u00eenant une g\u00eane et une diminution de l&rsquo;audition.<\/p>\n<h2>Qu&rsquo;arrive-t-il si vous n&rsquo;enlevez pas le c\u00e9rumen ?<\/h2>\n<p>Le c\u00e9rumen coinc\u00e9 peut provoquer plusieurs sympt\u00f4mes. Il s&rsquo;agit notamment de douleurs, d&rsquo;oreilles pleines, de vertiges, d&rsquo;acouph\u00e8nes et d&rsquo;une baisse de l&rsquo;audition.<\/p>\n<h2>Qui est le plus expos\u00e9 au risque de bouchon de c\u00e9rumen ?<\/h2>\n<p>Les personnes dont le conduit auditif est petit ou \u00e9troit, celles qui utilisent des cotons-tiges ou qui utilisent r\u00e9guli\u00e8rement des bouchons d&rsquo;oreille, des oreillettes ou des appareils auditifs, ainsi que les personnes \u00e2g\u00e9es, ont tendance \u00e0 avoir plus de probl\u00e8mes avec l&rsquo;accumulation de c\u00e9rumen.<\/p>\n<p>Si vous pr\u00e9sentez les sympt\u00f4mes d&rsquo;un bouchon de c\u00e9rumen, contactez notre cabinet pour prendre rendez-vous avec un professionnel de l&rsquo;\u00e9limination du c\u00e9rumen.<\/p>\n\t\t\t\t<img loading=\"lazy\" decoding=\"async\" src=\"https:\/\/northernhearinghealth.ca\/wp-content\/uploads\/2023\/04\/NHHC-Side-Earwax-Removal.jpg\" alt=\"NHHC-Side Earwax Removal\" itemprop=\"image\" height=\"825\" width=\"800\" title=\"NHHC-Side Earwax Removal\" onerror=\"this.style.display='none'\"  \/>\n\n","protected":false},"excerpt":{"rendered":"<p>Notre \u00e9quipement sp\u00e9cialis\u00e9 offre une solution efficace et confortable. Au Centre de sant\u00e9 auditive du Nord, nous proposons des services d&rsquo;\u00e9limination du c\u00e9rumen. Nos audiologistes sont form\u00e9s \u00e0 diff\u00e9rentes techniques pour proposer des m\u00e9thodes professionnelles s\u00fbres et plus efficaces que les traitements \u00e0 domicile. Les options \u00e0 domicile comprennent souvent l&rsquo;utilisation de cotons-tiges ou d&rsquo;autres&hellip;<\/p>\n","protected":false},"author":1,"featured_media":0,"parent":230400,"menu_order":0,"comment_status":"closed","ping_status":"closed","template":"","meta":{"_acf_changed":false,"footnotes":""},"class_list":["post-230454","page","type-page","status-publish","hentry"],"acf":[],"_links":{"self":[{"href":"https:\/\/northernhearinghealth.ca\/fr\/wp-json\/wp\/v2\/pages\/230454","targetHints":{"allow":["GET"]}}],"collection":[{"href":"https:\/\/northernhearinghealth.ca\/fr\/wp-json\/wp\/v2\/pages"}],"about":[{"href":"https:\/\/northernhearinghealth.ca\/fr\/wp-json\/wp\/v2\/types\/page"}],"author":[{"embeddable":true,"href":"https:\/\/northernhearinghealth.ca\/fr\/wp-json\/wp\/v2\/users\/1"}],"replies":[{"embeddable":true,"href":"https:\/\/northernhearinghealth.ca\/fr\/wp-json\/wp\/v2\/comments?post=230454"}],"version-history":[{"count":1,"href":"https:\/\/northernhearinghealth.ca\/fr\/wp-json\/wp\/v2\/pages\/230454\/revisions"}],"predecessor-version":[{"id":231138,"href":"https:\/\/northernhearinghealth.ca\/fr\/wp-json\/wp\/v2\/pages\/230454\/revisions\/231138"}],"up":[{"embeddable":true,"href":"https:\/\/northernhearinghealth.ca\/fr\/wp-json\/wp\/v2\/pages\/230400"}],"wp:attachment":[{"href":"https:\/\/northernhearinghealth.ca\/fr\/wp-json\/wp\/v2\/media?parent=230454"}],"curies":[{"name":"wp","href":"https:\/\/api.w.org\/{rel}","templated":true}]}}