{"id":230459,"date":"2023-05-01T14:43:34","date_gmt":"2023-05-01T18:43:34","guid":{"rendered":"https:\/\/northernhearinghealth.ca\/services\/hearing-aid-fitting\/"},"modified":"2023-05-29T18:09:50","modified_gmt":"2023-05-29T22:09:50","slug":"adaptation-des-aides-auditives","status":"publish","type":"page","link":"https:\/\/northernhearinghealth.ca\/fr\/services\/adaptation-des-aides-auditives\/","title":{"rendered":"Adaptation des aides auditives"},"content":{"rendered":"\n<h1>\n\t\tLes aides auditives doivent \u00eatre bien adapt\u00e9es et programm\u00e9es en fonction de vos niveaux d&rsquo;audition sp\u00e9cifiques pour fonctionner de mani\u00e8re optimale.\n\t<\/h1>\n\t<p>Pour que votre aide auditive fonctionne de mani\u00e8re optimale, elle doit \u00eatre adapt\u00e9e et r\u00e9gl\u00e9e correctement. Vous apprendrez ici ce qui se passe lors de l&rsquo;adaptation d&rsquo;un appareil auditif et comment tirer le meilleur parti de votre exp\u00e9rience en utilisant nos services pour am\u00e9liorer votre sant\u00e9 auditive.<\/p>\n<p>L&rsquo;\u00e9quipe du Northern Hearing Health Centre est votre partenaire en mati\u00e8re de sant\u00e9 auditive. Nous serons heureux de vous guider \u00e0 travers les \u00e9tapes de l&rsquo;adaptation d&rsquo;un appareil auditif et de r\u00e9pondre \u00e0 toutes vos questions.<\/p>\n<h2>Qu&rsquo;est-ce qu&rsquo;un audiologiste ?<\/h2>\n<p>Vous travaillerez avec un audiologiste lors de l&rsquo;adaptation de vos aides auditives. Il est donc essentiel de savoir ce que font les audiologistes et comment ils sont qualifi\u00e9s pour s&rsquo;occuper de vous et de votre audition.<\/p>\n<p>Un audiologiste est un professionnel de la sant\u00e9 auditive form\u00e9 pour \u00e9valuer et traiter les pertes auditives. La plupart des audiologistes au Canada sont titulaires d&rsquo;une ma\u00eetrise et certains peuvent \u00e9galement \u00eatre titulaires d&rsquo;un doctorat en audiologie. En outre, certains audiologistes ont pass\u00e9 des examens et suivi une formation suppl\u00e9mentaires pour obtenir une certification nationale et d\u00e9tenir des certifications suppl\u00e9mentaires. Tous les audiologistes doivent s&rsquo;inscrire aupr\u00e8s de leur ordre provincial pour exercer leur profession.<\/p>\n<h2>\u00c0 quoi s&rsquo;attendre lors de votre rendez-vous pour l&rsquo;adaptation de votre appareil auditif ?<\/h2>\n<p>S&rsquo;il s&rsquo;av\u00e8re que des aides auditives sont n\u00e9cessaires, toutes les options seront discut\u00e9es et les d\u00e9cisions seront prises en collaboration. Nous prendrons le temps de vous montrer comment mettre en place, retirer, entretenir et ajuster vos nouvelles aides auditives. En r\u00e9alit\u00e9, il y a beaucoup \u00e0 apprendre et cela peut sembler insurmontable au d\u00e9but. C&rsquo;est pourquoi nous vous fournissons des informations sous la forme d&rsquo;une documentation \u00e0 emporter que vous pouvez consulter \u00e0 votre guise.<\/p>\n<p>Au cours des premiers mois, il peut y avoir des visites de suivi suppl\u00e9mentaires pour s&rsquo;assurer que vous \u00eates \u00e0 l&rsquo;aise avec tous les aspects de vos nouvelles aides auditives. Il est essentiel que vous soyez satisfait du son et de l&rsquo;adaptation. Vous pouvez demander \u00e0 des membres de votre famille ou \u00e0 des amis de vous accompagner \u00e0 ces rendez-vous, ce qui est bienvenu et encourag\u00e9.<\/p>\n<h2>Les aides auditives vont-elles r\u00e9soudre mes probl\u00e8mes d&rsquo;audition ?<\/h2>\n<p>Vous vous demandez peut-\u00eatre si les aides auditives peuvent vous permettre d&rsquo;entendre \u00e0 nouveau \u00ab\u00a0normalement\u00a0\u00bb. La v\u00e9rit\u00e9 est qu&rsquo;elles fonctionnent tr\u00e8s bien lorsqu&rsquo;elles sont correctement adapt\u00e9es et r\u00e9gl\u00e9es. Bien qu&rsquo;ils ne constituent pas un rem\u00e8de \u00e0 la perte auditive, ils sont une aide, mais avec une utilisation et un soutien constants, il est possible d&rsquo;apprendre \u00e0 bien entendre \u00e0 nouveau.<\/p>\n<h2>Pourquoi nous choisir<\/h2>\n<p>Nous comprenons que vous ayez le choix lorsqu&rsquo;il s&rsquo;agit de trouver un audiologiste et de passer des tests auditifs. Cependant, il y a de nombreuses raisons pour lesquelles nous pensons que vous devriez nous consid\u00e9rer d&rsquo;abord et avant tout. Au Centre de sant\u00e9 auditive du Nord, nous croyons aux tests auditifs diagnostiques complets. Les rendez-vous sont plus longs afin que nous puissions \u00e9valuer tous les aspects de votre audition, expliquer les r\u00e9sultats et faire des recommandations au besoin.<\/p>\n<p>Nous vous invitons \u00e0 venir d\u00e9couvrir nos locaux et nos services \u00e0 la fine pointe de la technologie. Nous sommes fiers de dire que nous sommes une entreprise locale et que nous offrons des soins centr\u00e9s sur le patient depuis plus de 25 ans. Notre objectif est de pr<\/p>\n\t\t\t\t<img loading=\"lazy\" decoding=\"async\" src=\"https:\/\/northernhearinghealth.ca\/wp-content\/uploads\/2023\/04\/NHHC-Side-Hearing-Aid-Fitting-Services.jpg\" alt=\"NHHC-Side Hearing Aid Fitting Services\" itemprop=\"image\" height=\"641\" width=\"800\" title=\"NHHC-Side Hearing Aid Fitting Services\" onerror=\"this.style.display='none'\"  \/>\n\n","protected":false},"excerpt":{"rendered":"<p>Les aides auditives doivent \u00eatre bien adapt\u00e9es et programm\u00e9es en fonction de vos niveaux d&rsquo;audition sp\u00e9cifiques pour fonctionner de mani\u00e8re optimale. Pour que votre aide auditive fonctionne de mani\u00e8re optimale, elle doit \u00eatre adapt\u00e9e et r\u00e9gl\u00e9e correctement. Vous apprendrez ici ce qui se passe lors de l&rsquo;adaptation d&rsquo;un appareil auditif et comment tirer le meilleur&hellip;<\/p>\n","protected":false},"author":1,"featured_media":0,"parent":230400,"menu_order":0,"comment_status":"closed","ping_status":"closed","template":"","meta":{"_acf_changed":false,"footnotes":""},"class_list":["post-230459","page","type-page","status-publish","hentry"],"acf":[],"_links":{"self":[{"href":"https:\/\/northernhearinghealth.ca\/fr\/wp-json\/wp\/v2\/pages\/230459","targetHints":{"allow":["GET"]}}],"collection":[{"href":"https:\/\/northernhearinghealth.ca\/fr\/wp-json\/wp\/v2\/pages"}],"about":[{"href":"https:\/\/northernhearinghealth.ca\/fr\/wp-json\/wp\/v2\/types\/page"}],"author":[{"embeddable":true,"href":"https:\/\/northernhearinghealth.ca\/fr\/wp-json\/wp\/v2\/users\/1"}],"replies":[{"embeddable":true,"href":"https:\/\/northernhearinghealth.ca\/fr\/wp-json\/wp\/v2\/comments?post=230459"}],"version-history":[{"count":0,"href":"https:\/\/northernhearinghealth.ca\/fr\/wp-json\/wp\/v2\/pages\/230459\/revisions"}],"up":[{"embeddable":true,"href":"https:\/\/northernhearinghealth.ca\/fr\/wp-json\/wp\/v2\/pages\/230400"}],"wp:attachment":[{"href":"https:\/\/northernhearinghealth.ca\/fr\/wp-json\/wp\/v2\/media?parent=230459"}],"curies":[{"name":"wp","href":"https:\/\/api.w.org\/{rel}","templated":true}]}}