{"id":230464,"date":"2023-04-13T14:18:17","date_gmt":"2023-04-13T18:18:17","guid":{"rendered":"https:\/\/northernhearinghealth.ca\/services\/hearing-tests\/"},"modified":"2023-05-14T10:31:04","modified_gmt":"2023-05-14T14:31:04","slug":"tests-auditifs","status":"publish","type":"page","link":"https:\/\/northernhearinghealth.ca\/fr\/services\/tests-auditifs\/","title":{"rendered":"Tests auditifs"},"content":{"rendered":"\n<h1>\n\t\tLa perte auditive peut survenir \u00e0 tout \u00e2ge.\n\t<\/h1>\n\t<p>Gr\u00e2ce \u00e0 notre \u00e9quipement de pointe et \u00e0 notre expertise, nous pouvons \u00e9valuer votre audition de mani\u00e8re pr\u00e9cise et approfondie au Centre de sant\u00e9 auditive du Nord.<\/p>\n<p>Nous sommes vos partenaires en mati\u00e8re de sant\u00e9 auditive et nous sommes heureux de vous accompagner dans le processus des tests auditifs et de r\u00e9pondre \u00e0 toutes vos questions.<\/p>\n<h2>Qu&rsquo;est-ce qu&rsquo;un audiologiste ?<\/h2>\n<p>La premi\u00e8re question \u00e0 se poser est de savoir qui s&rsquo;occupera de votre test auditif dans notre centre auditif. Vous travaillerez avec un audiologiste qualifi\u00e9 qui est un professionnel comp\u00e9tent, form\u00e9 et bien inform\u00e9, pr\u00eat \u00e0 vous aider \u00e0 \u00e9valuer votre audition et \u00e0 vous faire des recommandations appropri\u00e9es.<\/p>\n<p>Un audiologiste est un professionnel de la sant\u00e9 auditive qui se consacre \u00e0 l&rsquo;\u00e9valuation et au traitement de la perte auditive chez des patients ayant des pr\u00e9occupations diverses. La plupart des audiologistes au Canada sont titulaires d&rsquo;une ma\u00eetrise et certains peuvent \u00e9galement \u00eatre titulaires d&rsquo;un doctorat en audiologie. Les audiologistes doivent s&rsquo;inscrire aupr\u00e8s de l&rsquo;organisme de r\u00e9glementation de leur province pour exercer dans leur domaine. Certains audiologistes ont pass\u00e9 des examens et suivi une formation suppl\u00e9mentaires pour obtenir une certification et une reconnaissance nationales.<\/p>\n<h2>Tests d&rsquo;audition au Centre de sant\u00e9 auditive du Nord<\/h2>\n<p>Ici, au Centre de sant\u00e9 auditive du Nord, nous voulons que vous vous sentiez le plus \u00e0 l&rsquo;aise possible lorsque vous entrez dans notre bureau. C&rsquo;est peut-\u00eatre la premi\u00e8re fois que vous passez un test auditif et vous avez peut-\u00eatre des questions ou des h\u00e9sitations.<\/p>\n<p>Peu importe que ce soit vous, un \u00eatre cher ou votre enfant qui ayez besoin d&rsquo;un test auditif. Nous servons des patients de tous \u00e2ges qui peuvent souffrir d&rsquo;une perte auditive ou qui souhaitent simplement v\u00e9rifier leur audition. Nous proposons des \u00e9valuations de l&rsquo;audition pour les personnes \u00e2g\u00e9es de six mois et plus.<\/p>\n<h2>\u00c0 quoi vous attendre pendant votre test auditif<\/h2>\n<p>Nous commencerons le test auditif en faisant votre connaissance et en prenant connaissance de votre \u00e9tat de sant\u00e9 et de vos ant\u00e9c\u00e9dents auditifs. Ensuite, nous \u00e9couterons quels sont vos d\u00e9fis et vos objectifs en mati\u00e8re d&rsquo;audition et nous d\u00e9terminerons de quelle mani\u00e8re nous pouvons vous aider.<\/p>\n<p>Au cours de l&rsquo;\u00e9valuation, nous examinerons votre conduit auditif pour nous assurer qu&rsquo;il ne pr\u00e9sente pas d&rsquo;anomalie et qu&rsquo;il n&rsquo;est pas obstru\u00e9. Nous effectuerons ensuite un test sp\u00e9cifique pour confirmer que le tympan bouge et qu&rsquo;il n&rsquo;y a pas d&rsquo;obstruction ou de probl\u00e8me derri\u00e8re lui.<\/p>\n<p>Apr\u00e8s ce test, vous serez test\u00e9 dans une salle insonoris\u00e9e o\u00f9 l&rsquo;on vous demandera d&rsquo;\u00e9couter et de r\u00e9pondre \u00e0 des sons et \u00e0 des mots qui \u00e9valueront diff\u00e9rents aspects de votre audition globale. Une fois le test termin\u00e9, nous vous expliquerons les r\u00e9sultats en d\u00e9tail et un rapport sera envoy\u00e9 \u00e0 votre m\u00e9decin si n\u00e9cessaire.<\/p>\n\t\t\t\t<img loading=\"lazy\" decoding=\"async\" src=\"https:\/\/northernhearinghealth.ca\/wp-content\/uploads\/2023\/04\/NHHC-Side-Hearing-Test-600x600-1.png\" alt=\"NHHC-Side-Hearing-Test-600x600 (1)\" itemprop=\"image\" height=\"600\" width=\"600\" title=\"NHHC-Side-Hearing-Test-600x600 (1)\" onerror=\"this.style.display='none'\"  \/>\n\n","protected":false},"excerpt":{"rendered":"<p>La perte auditive peut survenir \u00e0 tout \u00e2ge. Gr\u00e2ce \u00e0 notre \u00e9quipement de pointe et \u00e0 notre expertise, nous pouvons \u00e9valuer votre audition de mani\u00e8re pr\u00e9cise et approfondie au Centre de sant\u00e9 auditive du Nord. Nous sommes vos partenaires en mati\u00e8re de sant\u00e9 auditive et nous sommes heureux de vous accompagner dans le processus des&hellip;<\/p>\n","protected":false},"author":1,"featured_media":0,"parent":230400,"menu_order":0,"comment_status":"closed","ping_status":"closed","template":"","meta":{"_acf_changed":false,"footnotes":""},"class_list":["post-230464","page","type-page","status-publish","hentry"],"acf":[],"_links":{"self":[{"href":"https:\/\/northernhearinghealth.ca\/fr\/wp-json\/wp\/v2\/pages\/230464","targetHints":{"allow":["GET"]}}],"collection":[{"href":"https:\/\/northernhearinghealth.ca\/fr\/wp-json\/wp\/v2\/pages"}],"about":[{"href":"https:\/\/northernhearinghealth.ca\/fr\/wp-json\/wp\/v2\/types\/page"}],"author":[{"embeddable":true,"href":"https:\/\/northernhearinghealth.ca\/fr\/wp-json\/wp\/v2\/users\/1"}],"replies":[{"embeddable":true,"href":"https:\/\/northernhearinghealth.ca\/fr\/wp-json\/wp\/v2\/comments?post=230464"}],"version-history":[{"count":0,"href":"https:\/\/northernhearinghealth.ca\/fr\/wp-json\/wp\/v2\/pages\/230464\/revisions"}],"up":[{"embeddable":true,"href":"https:\/\/northernhearinghealth.ca\/fr\/wp-json\/wp\/v2\/pages\/230400"}],"wp:attachment":[{"href":"https:\/\/northernhearinghealth.ca\/fr\/wp-json\/wp\/v2\/media?parent=230464"}],"curies":[{"name":"wp","href":"https:\/\/api.w.org\/{rel}","templated":true}]}}