{"id":230471,"date":"2023-05-01T14:44:20","date_gmt":"2023-05-01T18:44:20","guid":{"rendered":"https:\/\/northernhearinghealth.ca\/services\/hearing-aid-verification\/"},"modified":"2023-06-01T14:03:43","modified_gmt":"2023-06-01T18:03:43","slug":"verification-des-aides-auditives","status":"publish","type":"page","link":"https:\/\/northernhearinghealth.ca\/fr\/services\/verification-des-aides-auditives\/","title":{"rendered":"V\u00e9rification des aides auditives"},"content":{"rendered":"\n<h1>\n\t\tLa v\u00e9rification permet de s&rsquo;assurer que les sons sont toujours maintenus \u00e0 des niveaux d&rsquo;\u00e9coute s\u00fbrs.\n\t<\/h1>\n\t<p>La v\u00e9rification des aides auditives est un \u00e9l\u00e9ment essentiel du processus d&rsquo;adaptation des aides auditives. Elle permet aux praticiens de s&rsquo;assurer que les appareils d\u00e9livrent des niveaux sonores optimis\u00e9s et s\u00fbrs en fonction de la taille\/forme de l&rsquo;oreille et des niveaux d&rsquo;audition du patient.<\/p>\n<h2>Qu&rsquo;est-ce que la v\u00e9rification des aides auditives ?<\/h2>\n<p>La v\u00e9rification des aides auditives est une mesure scientifique effectu\u00e9e avec les aides auditives dans les oreilles. Elle utilise un \u00e9quipement sp\u00e9cialis\u00e9 qui permet \u00e0 l&rsquo;audiologiste d&rsquo;optimiser la programmation des aides auditives pour les sons faibles, moyens et forts dans toutes les gammes de fr\u00e9quences. Il veille \u00e9galement \u00e0 ce que les sons soient toujours maintenus \u00e0 des niveaux d&rsquo;\u00e9coute s\u00fbrs.<\/p>\n<h2>Pourquoi proc\u00e9der \u00e0 la v\u00e9rification des aides auditives ?<\/h2>\n<p>La v\u00e9rification des aides auditives est essentielle car chaque patient est diff\u00e9rent. La v\u00e9rification des aides auditives permet \u00e0 l&rsquo;audiologiste de prendre en compte la taille et la forme du conduit auditif de chaque patient afin que les aides auditives soient personnalis\u00e9es en fonction de leurs besoins uniques.<\/p>\n<h2>Comment fonctionne la v\u00e9rification des aides auditives ?<\/h2>\n<p>De minuscules tubes sont ins\u00e9r\u00e9s dans les conduits auditifs et les tests sont effectu\u00e9s avec les aides auditives dans les oreilles. Des sons vocaux \u00e0 diff\u00e9rents niveaux de volume sont pr\u00e9sent\u00e9s par l&rsquo;interm\u00e9diaire d&rsquo;un haut-parleur. Les minuscules microphones plac\u00e9s dans les conduits auditifs permettent \u00e0 l&rsquo;audiologiste de voir la quantit\u00e9 de son d\u00e9livr\u00e9e au tympan. L&rsquo;audiologiste peut ainsi d\u00e9terminer les ajustements n\u00e9cessaires pour s&rsquo;assurer que les sons faibles sont entendus et que les sons forts ne sont pas dangereux.<\/p>\n<h2>Quelle est la diff\u00e9rence entre la v\u00e9rification et la validation?<\/h2>\n<p>Les termes \u00ab\u00a0v\u00e9rification\u00a0\u00bb et \u00ab\u00a0validation\u00a0\u00bb sont parfois utilis\u00e9s de mani\u00e8re interchangeable. Ils sont tr\u00e8s diff\u00e9rents l&rsquo;un de l&rsquo;autre mais tout aussi importants. La v\u00e9rification vise \u00e0 d\u00e9terminer les performances de l&rsquo;aide auditive par le biais de mesures scientifiques objectives effectu\u00e9es avec un \u00e9quipement sp\u00e9cialis\u00e9. En revanche, la validation utilise les avantages subjectifs ou per\u00e7us par l&rsquo;utilisateur pour confirmer la valeur de l&rsquo;aide auditive. La validation commence g\u00e9n\u00e9ralement par l&rsquo;\u00e9tablissement d&rsquo;objectifs au d\u00e9but du traitement et par l&rsquo;observation au fil du temps si les aides auditives apportent les avantages escompt\u00e9s et atteignent ces objectifs.<\/p>\n<h2>R\u00e9sum\u00e9<\/h2>\n<p>La v\u00e9rification des aides auditives confirme que toutes les fonctions sonores de l&rsquo;aide auditive fonctionnent correctement. La validation permet de s&rsquo;assurer que les personnes re\u00e7oivent les avantages qu&rsquo;elles esp\u00e9raient. Au Centre de sant\u00e9 auditive du Nord, la v\u00e9rification et la validation sont effectu\u00e9es pour toutes les adaptations d&rsquo;appareils auditifs dans le cadre des normes de meilleures pratiques afin de garantir les meilleurs r\u00e9sultats pour les patients.<\/p>\n\t\t\t\t<img loading=\"lazy\" decoding=\"async\" src=\"https:\/\/northernhearinghealth.ca\/wp-content\/uploads\/2023\/04\/NHHC-Side-Hearing-Aid-Verification.jpg\" alt=\"NHHC-Side Hearing Aid Verification\" itemprop=\"image\" height=\"800\" width=\"800\" title=\"NHHC-Side Hearing Aid Verification\" onerror=\"this.style.display='none'\"  \/>\n\n","protected":false},"excerpt":{"rendered":"<p>La v\u00e9rification permet de s&rsquo;assurer que les sons sont toujours maintenus \u00e0 des niveaux d&rsquo;\u00e9coute s\u00fbrs. La v\u00e9rification des aides auditives est un \u00e9l\u00e9ment essentiel du processus d&rsquo;adaptation des aides auditives. Elle permet aux praticiens de s&rsquo;assurer que les appareils d\u00e9livrent des niveaux sonores optimis\u00e9s et s\u00fbrs en fonction de la taille\/forme de l&rsquo;oreille et&hellip;<\/p>\n","protected":false},"author":1,"featured_media":0,"parent":230400,"menu_order":0,"comment_status":"closed","ping_status":"closed","template":"","meta":{"_acf_changed":false,"footnotes":""},"class_list":["post-230471","page","type-page","status-publish","hentry"],"acf":[],"_links":{"self":[{"href":"https:\/\/northernhearinghealth.ca\/fr\/wp-json\/wp\/v2\/pages\/230471","targetHints":{"allow":["GET"]}}],"collection":[{"href":"https:\/\/northernhearinghealth.ca\/fr\/wp-json\/wp\/v2\/pages"}],"about":[{"href":"https:\/\/northernhearinghealth.ca\/fr\/wp-json\/wp\/v2\/types\/page"}],"author":[{"embeddable":true,"href":"https:\/\/northernhearinghealth.ca\/fr\/wp-json\/wp\/v2\/users\/1"}],"replies":[{"embeddable":true,"href":"https:\/\/northernhearinghealth.ca\/fr\/wp-json\/wp\/v2\/comments?post=230471"}],"version-history":[{"count":0,"href":"https:\/\/northernhearinghealth.ca\/fr\/wp-json\/wp\/v2\/pages\/230471\/revisions"}],"up":[{"embeddable":true,"href":"https:\/\/northernhearinghealth.ca\/fr\/wp-json\/wp\/v2\/pages\/230400"}],"wp:attachment":[{"href":"https:\/\/northernhearinghealth.ca\/fr\/wp-json\/wp\/v2\/media?parent=230471"}],"curies":[{"name":"wp","href":"https:\/\/api.w.org\/{rel}","templated":true}]}}