{"id":230476,"date":"2023-05-01T14:44:43","date_gmt":"2023-05-01T18:44:43","guid":{"rendered":"https:\/\/northernhearinghealth.ca\/services\/tinnitus-consults\/"},"modified":"2023-05-29T10:10:45","modified_gmt":"2023-05-29T14:10:45","slug":"consultations-sur-les-acouphenes","status":"publish","type":"page","link":"https:\/\/northernhearinghealth.ca\/fr\/services\/consultations-sur-les-acouphenes\/","title":{"rendered":"Consultations sur les acouph\u00e8nes"},"content":{"rendered":"\n<h1>\n\t\tBien qu&rsquo;il n&rsquo;y ait pas de rem\u00e8de, il existe des strat\u00e9gies \u00e9prouv\u00e9es pour aider \u00e0 g\u00e9rer les acouph\u00e8nes.\n\t<\/h1>\n\t<p>Les consultations sur les acouph\u00e8nes se concentrent sur l&rsquo;\u00e9ducation et la gestion afin d&rsquo;aider les gens \u00e0 mieux g\u00e9rer leurs acouph\u00e8nes.<\/p>\n<p>Notre consultation de deux heures sur les acouph\u00e8nes vous donne l&rsquo;occasion de discuter de vos acouph\u00e8nes avec un audiologiste form\u00e9 et qualifi\u00e9. Nous prenons des ant\u00e9c\u00e9dents d\u00e9taill\u00e9s et des questionnaires pour mieux comprendre comment les acouph\u00e8nes affectent votre qualit\u00e9 de vie. Une formation est dispens\u00e9e, ainsi que des ressources et des strat\u00e9gies de gestion.<\/p>\n<p>Dans le cadre de la consultation, votre audition sera \u00e9valu\u00e9e, ainsi que la hauteur et l&rsquo;intensit\u00e9 de vos acouph\u00e8nes. Nous vous soumettrons \u00e9galement un questionnaire destin\u00e9 \u00e0 \u00e9valuer l&rsquo;impact de la maladie sur votre bien-\u00eatre.<\/p>\n<h2>Qu&rsquo;est-ce qu&rsquo;une consultation sur les acouph\u00e8nes ?<\/h2>\n<p>Au cours d&rsquo;une consultation sur les acouph\u00e8nes, votre audiologiste:<\/p>\n<p><strong>\u00c9valuer la nature de vos acouph\u00e8nes en effectuant diff\u00e9rents tests<\/strong><\/p>\n<p>Comme les acouph\u00e8nes ne peuvent pas \u00eatre entendus par d&rsquo;autres personnes et qu&rsquo;ils sont donc mesur\u00e9s de mani\u00e8re objective, nous \u00e9valuons la hauteur et le volume de vos acouph\u00e8nes afin de vous aider \u00e0 mieux comprendre leur port\u00e9e. Cela permet de choisir des options de th\u00e9rapie sonore plus cibl\u00e9es, ainsi que d&rsquo;aider la famille et les amis \u00e0 comprendre ce que vous entendez, car il est souvent difficile de le d\u00e9crire.<\/p>\n<strong>Revoyez vos ant\u00e9c\u00e9dents d&rsquo;acouph\u00e8nes, votre niveau de sensibilit\u00e9 aux sons et vos niveaux d&rsquo;audition.<\/strong><br \/>\nGr\u00e2ce \u00e0 des ant\u00e9c\u00e9dents d\u00e9taill\u00e9s et \u00e0 des questionnaires, nous pouvons examiner les causes sous-jacentes possibles des acouph\u00e8nes et envisager des strat\u00e9gies susceptibles d&rsquo;aider \u00e0 r\u00e9duire la perception des acouph\u00e8nes.\n<strong>Discutez de votre plan de traitement personnalis\u00e9. Il n&rsquo;y a pas deux patients souffrant d&rsquo;acouph\u00e8nes qui se ressemblent.<\/strong><br \/>\nUne vari\u00e9t\u00e9 de strat\u00e9gies de gestion seront discut\u00e9es, et nous pouvons nous concentrer sur celles qui peuvent \u00eatre les plus utiles en fonction des domaines sp\u00e9cifiques les plus difficiles.\n<h2>Quels sont les sympt\u00f4mes des acouph\u00e8nes?<\/h2>\n<p>Les patients souffrant d&rsquo;acouph\u00e8nes signalent des bruits ind\u00e9sirables dans les oreilles ou la t\u00eate qui ne semblent pas avoir de source externe. Les sons courants comprennent les sonneries, les bourdonnements, les bourdonnements, les sifflements, les rugissements et les sifflements, selon le patient. Chez certaines personnes, le son va et vient, tandis que chez d&rsquo;autres, il est continu.<\/p>\n<p>Bien que les acouph\u00e8nes puissent \u00eatre p\u00e9nibles et affecter votre qualit\u00e9 de vie, ce n&rsquo;est pas un probl\u00e8me de sant\u00e9 grave en soi, c&rsquo;est plut\u00f4t le sympt\u00f4me d&rsquo;une cause sous-jacente.<\/p>\n<p>Si vous souffrez d&rsquo;acouph\u00e8nes g\u00eanants, une consultation sur les acouph\u00e8nes peut \u00eatre utile afin que vous puissiez mieux comprendre les causes et la prise en charge afin d&rsquo;en att\u00e9nuer l&rsquo;impact sur votre qualit\u00e9 de vie..<\/p>\n<h2>Comment savons-nous que ce sont des acouph\u00e8nes<\/h2>\n<p>\u00c9tant donn\u00e9 que les acouph\u00e8nes sont subjectifs, nous \u00e9valuons la pr\u00e9sence d&rsquo;acouph\u00e8nes sur la base d&rsquo;auto-\u00e9valuations. Nous effectuons cependant une s\u00e9rie de tests suppl\u00e9mentaires pour d\u00e9terminer si des conditions sous-jacentes sont \u00e0 l&rsquo;origine des sons ind\u00e9sirables.<\/p>\n<p>Dans le cadre de l&rsquo;\u00e9valuation auditive, nous pouvons d\u00e9terminer si les acouph\u00e8nes peuvent provenir d&rsquo;une accumulation de c\u00e9rumen dans vos oreilles, d&rsquo;une \u00e9ventuelle congestion derri\u00e8re les tympans ou d&rsquo;une perte auditive sous-jacente plus permanente.<\/p>\n<h2>Que se passe-t-il apr\u00e8s une consultation sur les acouph\u00e8nes?<\/h2>\n<p>En fonction de ce qui est discut\u00e9 lors du rendez-vous, certaines strat\u00e9gies de gestion peuvent \u00eatre sugg\u00e9r\u00e9es. Des ressources seront fournies. Un rendez-vous de suivi aura lieu environ 6 semaines plus tard pour voir comment ces strat\u00e9gies fonctionnent et voir si nous devons introduire d&rsquo;autres strat\u00e9gies pour mieux vous aider \u00e0 faire face \u00e0 vos acouph\u00e8nes. Un soutien suppl\u00e9mentaire est disponible apr\u00e8s ce suivi pour ceux qui en ont besoin.<\/p>\n\t\t\t\t<img loading=\"lazy\" decoding=\"async\" src=\"https:\/\/northernhearinghealth.ca\/wp-content\/uploads\/2023\/05\/Shutterstock_2224168051-1-1.jpg\" alt=\"Shutterstock_2224168051 (1) (1)\" itemprop=\"image\" height=\"1157\" width=\"1200\" title=\"Shutterstock_2224168051 (1) (1)\" onerror=\"this.style.display='none'\"  \/>\n\n","protected":false},"excerpt":{"rendered":"<p>Bien qu&rsquo;il n&rsquo;y ait pas de rem\u00e8de, il existe des strat\u00e9gies \u00e9prouv\u00e9es pour aider \u00e0 g\u00e9rer les acouph\u00e8nes. Les consultations sur les acouph\u00e8nes se concentrent sur l&rsquo;\u00e9ducation et la gestion afin d&rsquo;aider les gens \u00e0 mieux g\u00e9rer leurs acouph\u00e8nes. Notre consultation de deux heures sur les acouph\u00e8nes vous donne l&rsquo;occasion de discuter de vos acouph\u00e8nes&hellip;<\/p>\n","protected":false},"author":1,"featured_media":0,"parent":230400,"menu_order":0,"comment_status":"closed","ping_status":"closed","template":"","meta":{"_acf_changed":false,"footnotes":""},"class_list":["post-230476","page","type-page","status-publish","hentry"],"acf":[],"_links":{"self":[{"href":"https:\/\/northernhearinghealth.ca\/fr\/wp-json\/wp\/v2\/pages\/230476","targetHints":{"allow":["GET"]}}],"collection":[{"href":"https:\/\/northernhearinghealth.ca\/fr\/wp-json\/wp\/v2\/pages"}],"about":[{"href":"https:\/\/northernhearinghealth.ca\/fr\/wp-json\/wp\/v2\/types\/page"}],"author":[{"embeddable":true,"href":"https:\/\/northernhearinghealth.ca\/fr\/wp-json\/wp\/v2\/users\/1"}],"replies":[{"embeddable":true,"href":"https:\/\/northernhearinghealth.ca\/fr\/wp-json\/wp\/v2\/comments?post=230476"}],"version-history":[{"count":0,"href":"https:\/\/northernhearinghealth.ca\/fr\/wp-json\/wp\/v2\/pages\/230476\/revisions"}],"up":[{"embeddable":true,"href":"https:\/\/northernhearinghealth.ca\/fr\/wp-json\/wp\/v2\/pages\/230400"}],"wp:attachment":[{"href":"https:\/\/northernhearinghealth.ca\/fr\/wp-json\/wp\/v2\/media?parent=230476"}],"curies":[{"name":"wp","href":"https:\/\/api.w.org\/{rel}","templated":true}]}}