{"id":230485,"date":"2023-05-01T14:43:59","date_gmt":"2023-05-01T18:43:59","guid":{"rendered":"https:\/\/northernhearinghealth.ca\/services\/same-day-repairs\/"},"modified":"2023-05-11T08:01:13","modified_gmt":"2023-05-11T12:01:13","slug":"reparations-le-jour-meme","status":"publish","type":"page","link":"https:\/\/northernhearinghealth.ca\/fr\/services\/reparations-le-jour-meme\/","title":{"rendered":"R\u00e9parations le jour m\u00eame"},"content":{"rendered":"\n<h1>\n\t\tL&rsquo;accumulation d&rsquo;humidit\u00e9 et les blocages de c\u00e9rumen sont des causes courantes de panne des aides auditives.\n\t<\/h1>\n\t<p>Faites r\u00e9parer vos aides auditives le jour m\u00eame gr\u00e2ce \u00e0 notre service de r\u00e9paration interne.<\/p>\n<p>Les aides auditives sont des appareils sophistiqu\u00e9s. Et bien que la plupart fonctionnent de mani\u00e8re fiable toute l&rsquo;ann\u00e9e, ils peuvent parfois tomber en panne ou rencontrer des probl\u00e8mes. Les pannes se produisent g\u00e9n\u00e9ralement en raison de l&rsquo;humidit\u00e9 dans l&rsquo;\u00e9lectronique ou des blocages de cire.<\/p>\n<p>La plupart des gens ont un ensemble d&rsquo;aides auditives et ils comptent sur eux. Les envoyer en r\u00e9paration et s&rsquo;en passer pendant quelques semaines peut \u00eatre stressant.<\/p>\n<p>C&rsquo;est l\u00e0 que nos services de r\u00e9paration le jour m\u00eame peuvent vous aider. Nous utilisons nos connaissances d&rsquo;expert et nos outils et \u00e9quipements de bureau sp\u00e9cialis\u00e9s pour remettre votre aide auditive en service d\u00e8s que possible.<\/p>\n<h2>Comment fonctionnent les r\u00e9parations d&rsquo;aides auditives le jour m\u00eame<\/h2>\n<p>Obtenir des r\u00e9parations d&rsquo;aides auditives le jour m\u00eame avec nous ne pourrait pas \u00eatre plus facile. Appelez notre bureau pour expliquer les pr\u00e9occupations que vous rencontrez avec votre appareil auditif. Nous vous ferons venir \u00e0 notre bureau ce jour-l\u00e0 pour d\u00e9terminer si nous pouvons le r\u00e9parer sur place.<\/p>\n<p>Nous avons un \u00e9quipement sp\u00e9cial qui aspire la cire et l&rsquo;humidit\u00e9 des aides auditives. Nous allons \u00e9couter vos aides auditives avec un st\u00e9thoscope sp\u00e9cial, nettoyer vos aides auditives, changer tous les filtres et les d\u00f4mes, nous assurer que les piles fonctionnent correctement et v\u00e9rifier qu&rsquo;il n&rsquo;y a pas de blocage le long du trajet du son.<\/p>\n<p>Une fois que nous aurons d\u00e9termin\u00e9 quel peut \u00eatre le probl\u00e8me, nous en discuterons avec vous. Dans de nombreux cas, il s&rsquo;agit d&rsquo;une solution simple et vous pouvez ramener votre aide auditive \u00e0 la maison le jour m\u00eame. Supposons que le probl\u00e8me soit plus \u00e9tendu et ne puisse pas \u00eatre r\u00e9solu en interne. Dans ce cas, nous l&rsquo;enverrons au fabricant de l&rsquo;aide auditive pour vous et v\u00e9rifierons si les r\u00e9parations seront couvertes par la garantie ou quels co\u00fbts peuvent \u00eatre impliqu\u00e9s. Nous le ferons en temps opportun, car nous savons qu&rsquo;il est difficile de se passer de vos aides auditives.<\/p>\n<h2>Pourquoi nos clients adorent les services de r\u00e9paration d&rsquo;aides auditives le jour m\u00eame<\/h2>\n\t<ul>\n\t\t\t<li>\n\t\t\t\tPouvoir continuer \u00e0 utiliser votre aide auditive sans interruption\n\t\t\t<\/li>\n\t\t\t<li>\n\t\t\t\tObtenir un diagnostic rapide du probl\u00e8me et de la fa\u00e7on de le r\u00e9soudre\n\t\t\t<\/li>\n\t\t\t<li>\n\t\t\t\tsavoir si votre aide auditive est sous garantie\n\t\t\t<\/li>\n\t\t\t<li>\n\t\t\t\tObtenir des conseils sur la mani\u00e8re d&rsquo;\u00e9viter que des probl\u00e8mes similaires ne se reproduisent \u00e0 l&rsquo;avenir.\n\t\t\t<\/li>\n\t\t<\/ul>\n\t<h2>Probl\u00e8mes courants li\u00e9s aux aides auditives que l&rsquo;on peut r\u00e9parer le jour m\u00eame<\/h2>\n<p><strong>Les probl\u00e8mes les plus courants que nous r\u00e9solvons sont les suivants:<\/strong><\/p>\n\t<ul>\n\t\t\t<li>\n\t\t\t\tLes piles ne se chargent pas correctement ou ne parviennent pas \u00e0 alimenter l&rsquo;appareil.\n\t\t\t<\/li>\n\t\t\t<li>\n\t\t\t\tAccumulation de c\u00e9rumen autour du haut-parleur et d&rsquo;autres composants\n\t\t\t<\/li>\n\t\t\t<li>\n\t\t\t\tProbl\u00e8mes avec l&#8217;embout\n\t\t\t<\/li>\n\t\t\t<li>\n\t\t\t\tIntermittences du son\n\t\t\t<\/li>\n\t\t\t<li>\n\t\t\t\tProbl\u00e8mes de corrosion, d&rsquo;humidit\u00e9 et de salet\u00e9\n\t\t\t<\/li>\n\t\t\t<li>\n\t\t\t\tLarsen entre le haut-parleur et le microphone\n\t\t\t<\/li>\n\t\t\t<li>\n\t\t\t\tSons ind\u00e9sirables (statique)\n\t\t\t<\/li>\n\t\t\t<li>\n\t\t\t\tProbl\u00e8mes de connexion \u00e0 d&rsquo;autres appareils, tels que les t\u00e9l\u00e9phones portables, les t\u00e9l\u00e9viseurs ou les ordinateurs portables.\n\t\t\t<\/li>\n\t\t<\/ul>\n\t<h2>R\u00e9parations le jour m\u00eame au Centre de sant\u00e9 auditive du Nord<\/h2>\n<p>Le Centre de sant\u00e9 auditive du Nord est l\u00e0 pour vous aider \u00e0 retrouver une bonne audition. Appelez-nous au <a href=\"tel:705-222-6442\">705-222-6442<\/a>. N&rsquo;attendez pas votre prochain rendez-vous.<\/p>\n\t\t\t\t<img loading=\"lazy\" decoding=\"async\" src=\"https:\/\/northernhearinghealth.ca\/wp-content\/uploads\/2023\/04\/NHHC-Side-Hearing-Aid-Repairs.png\" alt=\"NHHC-Side-Hearing Aid Repairs\" itemprop=\"image\" height=\"533\" width=\"800\" title=\"NHHC-Side-Hearing Aid Repairs\" onerror=\"this.style.display='none'\"  \/>\n\n","protected":false},"excerpt":{"rendered":"<p>L&rsquo;accumulation d&rsquo;humidit\u00e9 et les blocages de c\u00e9rumen sont des causes courantes de panne des aides auditives. Faites r\u00e9parer vos aides auditives le jour m\u00eame gr\u00e2ce \u00e0 notre service de r\u00e9paration interne. Les aides auditives sont des appareils sophistiqu\u00e9s. Et bien que la plupart fonctionnent de mani\u00e8re fiable toute l&rsquo;ann\u00e9e, ils peuvent parfois tomber en panne&hellip;<\/p>\n","protected":false},"author":1,"featured_media":0,"parent":230400,"menu_order":0,"comment_status":"closed","ping_status":"closed","template":"","meta":{"_acf_changed":false,"footnotes":""},"class_list":["post-230485","page","type-page","status-publish","hentry"],"acf":[],"_links":{"self":[{"href":"https:\/\/northernhearinghealth.ca\/fr\/wp-json\/wp\/v2\/pages\/230485","targetHints":{"allow":["GET"]}}],"collection":[{"href":"https:\/\/northernhearinghealth.ca\/fr\/wp-json\/wp\/v2\/pages"}],"about":[{"href":"https:\/\/northernhearinghealth.ca\/fr\/wp-json\/wp\/v2\/types\/page"}],"author":[{"embeddable":true,"href":"https:\/\/northernhearinghealth.ca\/fr\/wp-json\/wp\/v2\/users\/1"}],"replies":[{"embeddable":true,"href":"https:\/\/northernhearinghealth.ca\/fr\/wp-json\/wp\/v2\/comments?post=230485"}],"version-history":[{"count":0,"href":"https:\/\/northernhearinghealth.ca\/fr\/wp-json\/wp\/v2\/pages\/230485\/revisions"}],"up":[{"embeddable":true,"href":"https:\/\/northernhearinghealth.ca\/fr\/wp-json\/wp\/v2\/pages\/230400"}],"wp:attachment":[{"href":"https:\/\/northernhearinghealth.ca\/fr\/wp-json\/wp\/v2\/media?parent=230485"}],"curies":[{"name":"wp","href":"https:\/\/api.w.org\/{rel}","templated":true}]}}