{"id":230497,"date":"2023-05-04T17:19:36","date_gmt":"2023-05-04T21:19:36","guid":{"rendered":"https:\/\/northernhearinghealth.ca\/financing\/"},"modified":"2024-04-22T12:55:03","modified_gmt":"2024-04-22T16:55:03","slug":"financement","status":"publish","type":"page","link":"https:\/\/northernhearinghealth.ca\/fr\/financement\/","title":{"rendered":"Financement"},"content":{"rendered":"\n\n\t\t\t\t<img loading=\"lazy\" decoding=\"async\" src=\"https:\/\/northernhearinghealth.ca\/wp-content\/uploads\/2023\/05\/Shutterstock_1257702640-1-1.jpg\" alt=\"Shutterstock_1257702640 (1) (1)\" itemprop=\"image\" height=\"584\" width=\"800\" title=\"Shutterstock_1257702640 (1) (1)\" onerror=\"this.style.display='none'\"  \/>\n\t\t<h4>Appliquer n&rsquo;importe o\u00f9<\/h4><p>Postulez avec notre application en ligne ou mobile facile \u00e0 utiliser.<\/p>\n\t\t\t\t<img loading=\"lazy\" decoding=\"async\" src=\"https:\/\/northernhearinghealth.ca\/wp-content\/uploads\/2023\/05\/shutterstock_331846604-1-1.jpg\" alt=\"shutterstock_331846604 (1) (1)\" itemprop=\"image\" height=\"800\" width=\"800\" title=\"shutterstock_331846604 (1) (1)\" onerror=\"this.style.display='none'\"  \/>\n\t\t<h4>D\u00e9cision instantan\u00e9e<\/h4><p>Plus besoin d&rsquo;attendre ! Avec des d\u00e9cision instantan\u00e9es, vous pouvez avancer facilement &amp; confiance.<\/p>\n\t\t\t\t<img loading=\"lazy\" decoding=\"async\" src=\"https:\/\/northernhearinghealth.ca\/wp-content\/uploads\/2023\/05\/shutterstock_2043073649-1-1.jpg\" alt=\"shutterstock_2043073649 (1) (1)\" itemprop=\"image\" height=\"800\" width=\"800\" title=\"shutterstock_2043073649 (1) (1)\" onerror=\"this.style.display='none'\"  \/>\n\t\t<h4>Commencez \u00e0 entendre aujourd&rsquo;hui<\/h4><p>Choisissez un plan de paiement qui vous convient et commencez votre traitement d\u00e8s aujourd&rsquo;hui.<\/p>\n\t\t\t<a href=\"https:\/\/ca.paybright.com\/CheckIn\/ValidateInstorePreQualify?public_key=yNXKIZyaynkHJY4stcOfKHrfBDeyMRQ9M3I3zQgcL5ufWfLXTv&#038;locale=fr\" target=\"_blank\" rel=\"noopener\">\n\t\t\t\t\t\t\tPOSTULER AUJOURD&rsquo;HUI\n\t\t\t<\/a>\n\t\t\t\t<img loading=\"lazy\" decoding=\"async\" src=\"https:\/\/northernhearinghealth.ca\/wp-content\/uploads\/2023\/05\/NHHC-Finance-Side.png\" alt=\"NHHC-Finance-Side\" itemprop=\"image\" height=\"853\" width=\"1200\" title=\"NHHC-Finance-Side\" onerror=\"this.style.display='none'\"  \/>\n\t\t\t\t<img loading=\"lazy\" decoding=\"async\" src=\"https:\/\/northernhearinghealth.ca\/wp-content\/uploads\/2023\/09\/affirm-payments-logo.png\" alt=\"affirm-payments-logo\" itemprop=\"image\" height=\"112\" width=\"280\" title=\"affirm-payments-logo\" onerror=\"this.style.display='none'\"  \/>\n\n","protected":false},"excerpt":{"rendered":"<p>Appliquer n&rsquo;importe o\u00f9 Postulez avec notre application en ligne ou mobile facile \u00e0 utiliser. D\u00e9cision instantan\u00e9e Plus besoin d&rsquo;attendre ! Avec des d\u00e9cision instantan\u00e9es, vous pouvez avancer facilement &amp; confiance. Commencez \u00e0 entendre aujourd&rsquo;hui Choisissez un plan de paiement qui vous convient et commencez votre traitement d\u00e8s aujourd&rsquo;hui. POSTULER AUJOURD&rsquo;HUI<\/p>\n","protected":false},"author":1,"featured_media":0,"parent":0,"menu_order":0,"comment_status":"closed","ping_status":"closed","template":"","meta":{"_acf_changed":false,"footnotes":""},"class_list":["post-230497","page","type-page","status-publish","hentry"],"acf":[],"_links":{"self":[{"href":"https:\/\/northernhearinghealth.ca\/fr\/wp-json\/wp\/v2\/pages\/230497","targetHints":{"allow":["GET"]}}],"collection":[{"href":"https:\/\/northernhearinghealth.ca\/fr\/wp-json\/wp\/v2\/pages"}],"about":[{"href":"https:\/\/northernhearinghealth.ca\/fr\/wp-json\/wp\/v2\/types\/page"}],"author":[{"embeddable":true,"href":"https:\/\/northernhearinghealth.ca\/fr\/wp-json\/wp\/v2\/users\/1"}],"replies":[{"embeddable":true,"href":"https:\/\/northernhearinghealth.ca\/fr\/wp-json\/wp\/v2\/comments?post=230497"}],"version-history":[{"count":2,"href":"https:\/\/northernhearinghealth.ca\/fr\/wp-json\/wp\/v2\/pages\/230497\/revisions"}],"predecessor-version":[{"id":231097,"href":"https:\/\/northernhearinghealth.ca\/fr\/wp-json\/wp\/v2\/pages\/230497\/revisions\/231097"}],"wp:attachment":[{"href":"https:\/\/northernhearinghealth.ca\/fr\/wp-json\/wp\/v2\/media?parent=230497"}],"curies":[{"name":"wp","href":"https:\/\/api.w.org\/{rel}","templated":true}]}}