{"id":230502,"date":"2023-05-01T17:05:56","date_gmt":"2023-05-01T21:05:56","guid":{"rendered":"https:\/\/northernhearinghealth.ca\/faq\/"},"modified":"2023-05-11T08:18:28","modified_gmt":"2023-05-11T12:18:28","slug":"qfp","status":"publish","type":"page","link":"https:\/\/northernhearinghealth.ca\/fr\/qfp\/","title":{"rendered":"Questions fr\u00e9quemment pos\u00e9es"},"content":{"rendered":"\n<h1>\n\t\tNous sommes impatients de vous aider de toutes les mani\u00e8res possibles.\n\t<\/h1>\n\t\t\t\t\tQu&rsquo;est-ce qu&rsquo;un acouph\u00e8ne ?\t\t\t\t\n\t\t\t\t\t<p>L&rsquo;acouph\u00e8ne est la sensation d&rsquo;un son, souvent d\u00e9crit comme un tintement, un bourdonnement, un sifflement ou un grondement. Ils peuvent \u00eatre entendus dans les oreilles ou dans la t\u00eate et peuvent \u00eatre intermittents ou constants. De nombreuses personnes peuvent les ignorer, mais d&rsquo;autres ont besoin d&rsquo;aide pour y faire face, car ils peuvent causer une grande d\u00e9tresse et affecter des domaines tels que le sommeil, la concentration et le plaisir des activit\u00e9s quotidiennes. Les acouph\u00e8nes ne sont pas gu\u00e9rissables, mais peuvent \u00eatre g\u00e9r\u00e9s gr\u00e2ce \u00e0 un traitement.<\/p>\n\t\t\t\t\tUne aide auditive en vente libre est-elle envisageable ?\t\t\t\t\n\t\t\t\t\t<p>Des aides auditives en vente libre seront propos\u00e9es sur le march\u00e9 nord-am\u00e9ricain d&rsquo;ici un an ou deux. Ces mod\u00e8les bon march\u00e9 sont simplement des amplificateurs qui rendent tout plus fort. Ils n&rsquo;auront pas la sophistication n\u00e9cessaire pour effectuer des r\u00e9glages fins, ni certaines des fonctions importantes\/sophistiqu\u00e9es pour lesquelles les aides auditives d&rsquo;aujourd&rsquo;hui sont con\u00e7ues. Les audiologistes n&rsquo;auront pas la possibilit\u00e9 d&rsquo;ajuster ou de modifier le son ou l&rsquo;ajustement de ces produits, et ne disposeront donc d&rsquo;aucune assistance ni de pi\u00e8ces de rechange pour les r\u00e9parer.<\/p>\n\t\t\t\t\tQu&rsquo;en est-il de l&rsquo;achat d&rsquo;une aide auditive en ligne ?\t\t\t\t\n\t\t\t\t\t<p>L&rsquo;efficacit\u00e9 de vos aides auditives d\u00e9pend de la fa\u00e7on dont elles sont programm\u00e9es pour le son. La fa\u00e7on dont elles sont programm\u00e9es et la fa\u00e7on dont elles s&rsquo;adaptent sont directement li\u00e9es aux caract\u00e9ristiques uniques de votre perte auditive. Seul un professionnel qualifi\u00e9 est en mesure de le faire. Les aides auditives n\u00e9cessitent \u00e9galement un r\u00e9glage fin et une v\u00e9rification scientifique pour s&rsquo;assurer qu&rsquo;elles fournissent non seulement suffisamment de son, mais pas trop pour ne pas endommager davantage vos oreilles. Travailler avec un professionnel exp\u00e9riment\u00e9 permet de vous \u00e9duquer et de vous habituer \u00e0 bien entendre \u00e0 nouveau et d&rsquo;assurer une maintenance continue afin que les aides auditives fonctionnent de mani\u00e8re optimale.<\/p>\n\t\t\t\t\tLes aides auditives peuvent-elles me permettre d&rsquo;entendre \u00e0 nouveau normalement ?\t\t\t\t\n\t\t\t\t\t<p>Les aides auditives fonctionnent tr\u00e8s bien lorsqu&rsquo;elles sont adapt\u00e9es et r\u00e9gl\u00e9es correctement. Elles sont con\u00e7ues pour ramener le son au cerveau dans les plages qui sont alt\u00e9r\u00e9es. Il est important de comprendre que les aides auditives ne sont pas un \u00ab\u00a0rem\u00e8de\u00a0\u00bb \u00e0 la perte auditive, mais plut\u00f4t une aide \u00e0 la perte auditive. Il y aura toujours des situations o\u00f9 il sera difficile d&rsquo;entendre la parole. Les facteurs qui influencent cette situation sont l&rsquo;environnement acoustique, l&rsquo;\u00e9tendue des dommages subis par le syst\u00e8me auditif d&rsquo;un individu et la dur\u00e9e de la d\u00e9ficience auditive. Nous n&rsquo;entendons pas seulement avec nos oreilles, mais aussi avec notre cerveau. R\u00e9apprendre \u00e0 bien entendre demande de la pratique et s&rsquo;am\u00e9liore avec le temps gr\u00e2ce \u00e0 une utilisation et un soutien constants.<\/p>\n\t\t\t\t<img loading=\"lazy\" decoding=\"async\" src=\"https:\/\/northernhearinghealth.ca\/wp-content\/uploads\/2023\/05\/Nothern-Hearing-Health-Centre-FAQ-Side.png\" alt=\"Nothern-Hearing-Health-Centre-FAQ-Side\" itemprop=\"image\" height=\"1200\" width=\"1200\" title=\"Nothern-Hearing-Health-Centre-FAQ-Side\" onerror=\"this.style.display='none'\"  \/>\n\n","protected":false},"excerpt":{"rendered":"<p>Nous sommes impatients de vous aider de toutes les mani\u00e8res possibles. Qu&rsquo;est-ce qu&rsquo;un acouph\u00e8ne ? L&rsquo;acouph\u00e8ne est la sensation d&rsquo;un son, souvent d\u00e9crit comme un tintement, un bourdonnement, un sifflement ou un grondement. Ils peuvent \u00eatre entendus dans les oreilles ou dans la t\u00eate et peuvent \u00eatre intermittents ou constants. De nombreuses personnes peuvent les&hellip;<\/p>\n","protected":false},"author":2,"featured_media":0,"parent":0,"menu_order":0,"comment_status":"closed","ping_status":"closed","template":"","meta":{"_acf_changed":false,"footnotes":""},"class_list":["post-230502","page","type-page","status-publish","hentry"],"acf":[],"_links":{"self":[{"href":"https:\/\/northernhearinghealth.ca\/fr\/wp-json\/wp\/v2\/pages\/230502","targetHints":{"allow":["GET"]}}],"collection":[{"href":"https:\/\/northernhearinghealth.ca\/fr\/wp-json\/wp\/v2\/pages"}],"about":[{"href":"https:\/\/northernhearinghealth.ca\/fr\/wp-json\/wp\/v2\/types\/page"}],"author":[{"embeddable":true,"href":"https:\/\/northernhearinghealth.ca\/fr\/wp-json\/wp\/v2\/users\/2"}],"replies":[{"embeddable":true,"href":"https:\/\/northernhearinghealth.ca\/fr\/wp-json\/wp\/v2\/comments?post=230502"}],"version-history":[{"count":0,"href":"https:\/\/northernhearinghealth.ca\/fr\/wp-json\/wp\/v2\/pages\/230502\/revisions"}],"wp:attachment":[{"href":"https:\/\/northernhearinghealth.ca\/fr\/wp-json\/wp\/v2\/media?parent=230502"}],"curies":[{"name":"wp","href":"https:\/\/api.w.org\/{rel}","templated":true}]}}