{"id":230663,"date":"2023-05-01T15:25:58","date_gmt":"2023-05-01T19:25:58","guid":{"rendered":"https:\/\/northernhearinghealth.ca\/products\/"},"modified":"2025-08-04T07:51:02","modified_gmt":"2025-08-04T11:51:02","slug":"produits","status":"publish","type":"page","link":"https:\/\/northernhearinghealth.ca\/fr\/produits\/","title":{"rendered":"Produits"},"content":{"rendered":"\n\n\t\t\t\t<img decoding=\"async\" src=\"https:\/\/northernhearinghealth.ca\/wp-content\/uploads\/2024\/04\/hearing-aids-shutterstock_2373200685.jpg\" alt=\"hearing-aids-shutterstock_2373200685\" itemprop=\"image\" height=\"800\" width=\"800\" title=\"hearing-aids-shutterstock_2373200685\" onerror=\"this.style.display='none'\" loading=\"lazy\" \/>\n<h2>\n\t\t\tLes appareils auditifs\t<\/h2>\n\t<p>Les appareils auditifs sont de petits ordinateurs port\u00e9s dans l&rsquo;oreille ou derri\u00e8re l&rsquo;oreille. Bien que leur fonction soit de fournir un son aux personnes dans des plages o\u00f9 elles n&rsquo;entendent pas aussi bien.<\/p>\n\t<ul>\n\t\t\t<li>\n\t\t\t\tL&rsquo;objectif premier d&rsquo;un appareil auditif est d&rsquo;amplifier le son. Il rend les sons plus forts dans des fr\u00e9quences sp\u00e9cifiques, ce qui permet aux personnes malentendantes de mieux percevoir la parole, la musique et les sons de l&rsquo;environnement.\n\t\t\t<\/li>\n\t\t\t<li>\n\t\t\t\tLes appareils auditifs am\u00e9liorent la communication en facilitant l&rsquo;\u00e9coute des conversations, la participation aux interactions sociales et le dialogue avec les autres. \n\t\t\t<\/li>\n\t\t\t<li>\n\t\t\t\t les appareils auditifs contribuent \u00e0 une meilleure qualit\u00e9 de vie en am\u00e9liorant l&rsquo;audition. Elles permettent aux personnes d&rsquo;appr\u00e9cier la musique, de s&rsquo;adonner \u00e0 des passe-temps et de communiquer avec leurs proches sans se sentir isol\u00e9es.\n\t\t\t<\/li>\n\t\t<\/ul>\n\t\t\t<a href=\"\/fr\/qfp\/\" target=\"_self\">\n\t\t\t\t\t\t\tEn savoir plus\n\t\t\t\t\t<\/a>\n\t\t\t\t<img decoding=\"async\" src=\"https:\/\/northernhearinghealth.ca\/wp-content\/uploads\/2023\/05\/amplifiewr-removebg-preview.png\" alt=\"amplifiewr-removebg-preview\" itemprop=\"image\" height=\"496\" width=\"503\" title=\"amplifiewr-removebg-preview\" onerror=\"this.style.display='none'\" loading=\"lazy\" \/>\n<h2>\n\t\t\tT\u00e9l\u00e9phones Bluetooth et amplifier\t<\/h2>\n\t<p>\u00c9couter au t\u00e9l\u00e9phone peut \u00eatre un d\u00e9fi pour une personne malentendante. Parfois, en raison de leur difficult\u00e9 \u00e0 entendre, les personnes malentendantes \u00e9vitent d&rsquo;utiliser le t\u00e9l\u00e9phone.<\/p>\n\t<ul>\n\t\t\t<li>\n\t\t\t\tLa capacit\u00e9 \u00e0 bien entendre au t\u00e9l\u00e9phone permet de rester en contact avec la famille et les amis.\n\t\t\t<\/li>\n\t\t\t<li>\n\t\t\t\tC&rsquo;est important pour les rendez-vous m\u00e9dicaux virtuels, les appels t\u00e9l\u00e9phoniques avec les banques, les pharmacies.\n\t\t\t<\/li>\n\t\t\t<li>\n\t\t\t\tAu t\u00e9l\u00e9phone, nous perdons les rep\u00e8res visuels que nous aurions lors d&rsquo;une conversation en personne.\n\t\t\t<\/li>\n\t\t\t<li>\n\t\t\t\tLes t\u00e9l\u00e9phones amplifi\u00e9s sont sp\u00e9cialement con\u00e7us pour les personnes malentendantes. Ils permettent de r\u00e9gler le volume et la tonalit\u00e9 afin d&rsquo;ajuster le son aux niveaux n\u00e9cessaires pour entendre plus clairement..\n\t\t\t<\/li>\n\t\t\t<li>\n\t\t\t\tBeaucoup ont des sonneries tr\u00e8s fortes et\/ou visuelles pour que les appels ne soient pas manqu\u00e9s..\n\t\t\t<\/li>\n\t\t\t<li>\n\t\t\t\tCertains t\u00e9l\u00e9phones offrent une connexion Bluetooth pour que les appels t\u00e9l\u00e9phoniques puissent \u00eatre transmis directement aux appareils auditifs..\n\t\t\t<\/li>\n\t\t<\/ul>\n\t\t\t\t<img decoding=\"async\" src=\"https:\/\/northernhearinghealth.ca\/wp-content\/uploads\/2023\/04\/NHHC-Partner-Microphones.png\" alt=\"NHHC-Partner Microphones\" itemprop=\"image\" height=\"533\" width=\"800\" title=\"NHHC-Partner Microphones\" onerror=\"this.style.display='none'\" loading=\"lazy\" \/>\n<h2>\n\t\t\tMicrophones Bluetooth\t<\/h2>\n\t<p>Les microphones Bluetooth peuvent \u00eatre coupl\u00e9s \u00e0 de nombreuses aides auditives.<\/p>\n\t<ul>\n\t\t\t<li>\n\t\t\t\tIls sont discrets, faciles \u00e0 utiliser et s&rsquo;attachent au revers de la veste de votre partenaire.\n\t\t\t<\/li>\n\t\t\t<li>\n\t\t\t\tLe son de la voix de l&rsquo;orateur est diffus\u00e9 directement dans les oreilles de l&rsquo;auditeur..\n\t\t\t<\/li>\n\t\t\t<li>\n\t\t\t\tPermet d&rsquo;am\u00e9liorer la capacit\u00e9 auditive lorsque la parole est \u00e0 distance, lorsque vous ne pouvez pas voir le visage d&rsquo;une personne ou dans des environnements bruyants..\n\t\t\t<\/li>\n\t\t\t<li>\n\t\t\t\tUtile en voiture, dans les restaurants bruyants, lors de rendez-vous m\u00e9dicaux, en faisant les courses, \u00e0 l&rsquo;ext\u00e9rieur, \u00e0 distance ou lors de r\u00e9unions de groupe..\n\t\t\t<\/li>\n\t\t<\/ul>\n\t\t\t\t<img decoding=\"async\" src=\"https:\/\/northernhearinghealth.ca\/wp-content\/uploads\/2023\/05\/2023-05-01-16_46_14-Window-1.png\" alt=\"2023-05-01 16_46_14-Window (1)\" itemprop=\"image\" height=\"680\" width=\"755\" title=\"2023-05-01 16_46_14-Window (1)\" onerror=\"this.style.display='none'\" loading=\"lazy\" \/>\n<h2>\n\t\t\tSolutions d&rsquo;alarmes pour la maison\t<\/h2>\n\t<p>Les syst\u00e8mes d&rsquo;alerte vous permettent d&rsquo;\u00eatre plus conscient de votre environnement. Des signaux sont envoy\u00e9s \u00e0 un r\u00e9cepteur qui utilise une tonalit\u00e9 forte, des lumi\u00e8res clignotantes ou des vibrations pour alerter les personnes malentendantes des diff\u00e9rents bruits de l&rsquo;environnement dans la maison. La plupart de ces appareils sont sans fil et faciles \u00e0 installer. Ces appareils peuvent vous alerter de sons importants tels que :<\/p>\n\t<ul>\n\t\t\t<li>\n\t\t\t\tD\u00e9tecteurs de fum\u00e9e\n\t\t\t<\/li>\n\t\t\t<li>\n\t\t\t\tD\u00e9tecteurs de monoxyde de carbone\n\t\t\t<\/li>\n\t\t\t<li>\n\t\t\t\tSonnettes de porte\n\t\t\t<\/li>\n\t\t\t<li>\n\t\t\t\tAppels t\u00e9l\u00e9phoniques\n\t\t\t<\/li>\n\t\t\t<li>\n\t\t\t\tR\u00e9veils\n\t\t\t<\/li>\n\t\t<\/ul>\n\t\t\t\t<img decoding=\"async\" src=\"https:\/\/northernhearinghealth.ca\/wp-content\/uploads\/2023\/04\/NHHC-Tv-Solutions.png\" alt=\"NHHC-Tv Solutions\" itemprop=\"image\" height=\"533\" width=\"800\" title=\"NHHC-Tv Solutions\" onerror=\"this.style.display='none'\" loading=\"lazy\" \/>\n<h2>\n\t\t\tL&rsquo;\u00e9coute lors de la t\u00e9l\u00e9vision\t<\/h2>\n\t<p>Nous proposons diff\u00e9rentes solutions d&rsquo;\u00e9coute de la t\u00e9l\u00e9vision. Pour ceux qui ne portent pas d&rsquo;aides auditives, il existe des oreillettes ou des casques qui peuvent se connecter sans fil \u00e0 votre t\u00e9l\u00e9vision. Ces syst\u00e8mes pr\u00e9sentent les caract\u00e9ristiques suivantes :<\/p>\n\t<ul>\n\t\t\t<li>\n\t\t\t\tLongue dur\u00e9e de vie de la batterie et chargement rapide\n\t\t\t<\/li>\n\t\t\t<li>\n\t\t\t\tDiff\u00e9rents profils auditifs pour les diff\u00e9rents membres de la famille\n\t\t\t<\/li>\n\t\t\t<li>\n\t\t\t\tClart\u00e9 de la parole\n\t\t\t<\/li>\n\t\t\t<li>\n\t\t\t\tSuppression du bruit de la t\u00e9l\u00e9vision\n\t\t\t<\/li>\n\t\t\t<li>\n\t\t\t\tAmplification de la musique\n\t\t\t<\/li>\n\t\t\t<li>\n\t\t\t\tContr\u00f4le de l&rsquo;\u00e9quilibre gauche\/droite\n\t\t\t<\/li>\n\t\t<\/ul>\n\t<p>Pour ceux qui portent des aides auditives, nous proposons des accessoires de connexion TV sans fil qui diffusent la t\u00e9l\u00e9vision et la musique directement dans vos aides auditives, permettant \u00e0 ces derni\u00e8res de se comporter comme des \u00e9couteurs. Ces accessoires sont faciles \u00e0 installer et peuvent \u00eatre connect\u00e9s \u00e0 une application sur votre t\u00e9l\u00e9phone pour un meilleur contr\u00f4le du son. Ils offrent des heures de streaming direct \u00e0 des volumes qui vous conviennent.<\/p>\n\t\t\t\t<img decoding=\"async\" src=\"https:\/\/northernhearinghealth.ca\/wp-content\/uploads\/2023\/05\/shutterstock_1260673606-1.jpg\" alt=\"shutterstock_1260673606 (1)\" itemprop=\"image\" height=\"800\" width=\"800\" title=\"shutterstock_1260673606 (1)\" onerror=\"this.style.display='none'\" loading=\"lazy\" \/>\n<h2>\n\t\t\tProtection auditive \u00e0 ajustement Instantan\u00e9\t<\/h2>\n\t<p>Les sons forts ou une exposition excessive au bruit fatiguent les cellules cili\u00e9es de l&rsquo;oreille, provoquant une perte auditive temporaire et\/ou des acouph\u00e8nes. Cette exposition r\u00e9p\u00e9t\u00e9e peut, avec le temps, entra\u00eener une perte auditive permanente. Outre les protections auditives sur mesure, nous proposons des solutions de protection auditive en vente libre pour les cas suivants :<\/p>\n\t<ul>\n\t\t\t<li>\n\t\t\t\tMusique\n\t\t\t<\/li>\n\t\t\t<li>\n\t\t\t\tSports m\u00e9caniques\n\t\t\t<\/li>\n\t\t\t<li>\n\t\t\t\tChasse\n\t\t\t<\/li>\n\t\t\t<li>\n\t\t\t\tSommeil\n\t\t\t<\/li>\n\t\t\t<li>\n\t\t\t\tBruit r\u00e9cr\u00e9atif et industriel\n\t\t\t<\/li>\n\t\t<\/ul>\n\t\t\t\t<img decoding=\"async\" src=\"https:\/\/northernhearinghealth.ca\/wp-content\/uploads\/2023\/04\/NHHC-FM-Systems.png\" alt=\"NHHC-FM Systems\" itemprop=\"image\" height=\"800\" width=\"800\" title=\"NHHC-FM Systems\" onerror=\"this.style.display='none'\" loading=\"lazy\" \/>\n<h2>\n\t\t\tSyst\u00e8me FM\t<\/h2>\n\t<p>Vous voulez mieux entendre en groupe ? Les syst\u00e8mes FM utilisent des signaux radio pour transmettre le son.<\/p>\n\t<ul>\n\t\t\t<li>\n\t\t\t\tLa voix de l&rsquo;orateur est capt\u00e9e par un microphone qui transmet le son directement aux oreilles ou aux appareils auditifs de l&rsquo;auditeur.\n\t\t\t<\/li>\n\t\t\t<li>\n\t\t\t\tLes microphones peuvent \u00eatre port\u00e9s autour du cou ou plac\u00e9s sur une table.\n\t\t\t<\/li>\n\t\t\t<li>\n\t\t\t\tPrend les sons qui ne sont pas faciles \u00e0 entendre et les rapproche.\n\t\t\t<\/li>\n\t\t\t<li>\n\t\t\t\tSouvent utilis\u00e9 dans les restaurants bruyants, les rassemblements de groupes, l&rsquo;audition \u00e0 distance, l&rsquo;\u00e9coute lors de conf\u00e9rences, d&rsquo;ateliers et de r\u00e9unions.\n\t\t\t<\/li>\n\t\t<\/ul>\n\n","protected":false},"excerpt":{"rendered":"<p>Les appareils auditifs Les appareils auditifs sont de petits ordinateurs port\u00e9s dans l&rsquo;oreille ou derri\u00e8re l&rsquo;oreille. Bien que leur fonction soit de fournir un son aux personnes dans des plages o\u00f9 elles n&rsquo;entendent pas aussi bien. L&rsquo;objectif premier d&rsquo;un appareil auditif est d&rsquo;amplifier le son. Il rend les sons plus forts dans des fr\u00e9quences sp\u00e9cifiques,&hellip;<\/p>\n","protected":false},"author":1,"featured_media":0,"parent":0,"menu_order":0,"comment_status":"closed","ping_status":"closed","template":"","meta":{"_acf_changed":false,"footnotes":""},"class_list":["post-230663","page","type-page","status-publish","hentry"],"acf":[],"_links":{"self":[{"href":"https:\/\/northernhearinghealth.ca\/fr\/wp-json\/wp\/v2\/pages\/230663","targetHints":{"allow":["GET"]}}],"collection":[{"href":"https:\/\/northernhearinghealth.ca\/fr\/wp-json\/wp\/v2\/pages"}],"about":[{"href":"https:\/\/northernhearinghealth.ca\/fr\/wp-json\/wp\/v2\/types\/page"}],"author":[{"embeddable":true,"href":"https:\/\/northernhearinghealth.ca\/fr\/wp-json\/wp\/v2\/users\/1"}],"replies":[{"embeddable":true,"href":"https:\/\/northernhearinghealth.ca\/fr\/wp-json\/wp\/v2\/comments?post=230663"}],"version-history":[{"count":4,"href":"https:\/\/northernhearinghealth.ca\/fr\/wp-json\/wp\/v2\/pages\/230663\/revisions"}],"predecessor-version":[{"id":231361,"href":"https:\/\/northernhearinghealth.ca\/fr\/wp-json\/wp\/v2\/pages\/230663\/revisions\/231361"}],"wp:attachment":[{"href":"https:\/\/northernhearinghealth.ca\/fr\/wp-json\/wp\/v2\/media?parent=230663"}],"curies":[{"name":"wp","href":"https:\/\/api.w.org\/{rel}","templated":true}]}}